{"id":19424,"date":"2024-11-19T12:40:11","date_gmt":"2024-11-19T10:40:11","guid":{"rendered":"https:\/\/platformdigiwell.eu\/?page_id=19424"},"modified":"2024-11-19T12:40:11","modified_gmt":"2024-11-19T10:40:11","slug":"zasady-ochrany-osobnich-udaju","status":"publish","type":"page","link":"https:\/\/platformdigiwell.eu\/cs\/zasady-ochrany-osobnich-udaju\/","title":{"rendered":"Z\u00e1sady ochrany osobn\u00edch \u00fadaj\u016f"},"content":{"rendered":"<p><strong>DIGIWELL | Z\u00c1SADY OCHRANY OSOBN\u00cdCH \u00daDAJ\u016e A BEZPE\u010cNOSTI E-LEARNINGOV\u00c9 PLATFORMA<\/strong><\/p>\n<p><strong>\u00davod<\/strong><br \/>\nToto ozn\u00e1men\u00ed o ochran\u011b osobn\u00edch \u00fadaj\u016f stanov\u00ed, jak e-learningov\u00e1 platforma DIGIWELL pou\u017e\u00edv\u00e1 a chr\u00e1n\u00ed poskytnut\u00e9 informace. Cen\u00edme si va\u0161eho soukrom\u00ed a zavazujeme se chr\u00e1nit va\u0161e osobn\u00ed \u00fadaje. Toto ozn\u00e1men\u00ed o ochran\u011b osobn\u00edch \u00fadaj\u016f vysv\u011btluje, jak shroma\u017e\u010fujeme, zpracov\u00e1v\u00e1me, pou\u017e\u00edv\u00e1me a zve\u0159ej\u0148ujeme va\u0161e \u00fadaje a poskytuje informace o na\u0161ich bezpe\u010dnostn\u00edch postupech. Vysv\u011btluje tak\u00e9, co mus\u00edte ud\u011blat, pokud nechcete, aby byly va\u0161e osobn\u00ed \u00fadaje shroma\u017e\u010fov\u00e1ny nebo zpracov\u00e1v\u00e1ny b\u011bhem va\u0161\u00ed n\u00e1v\u0161t\u011bvy platformy. Poskytnut\u00edm sv\u00fdch osobn\u00edch \u00fadaj\u016f souhlas\u00edte se jejich shroma\u017e\u010fov\u00e1n\u00edm, p\u0159enosem, zpracov\u00e1n\u00edm, pou\u017e\u00edv\u00e1n\u00edm a zve\u0159ej\u0148ov\u00e1n\u00edm, jak je uvedeno v tomto ozn\u00e1men\u00ed o ochran\u011b osobn\u00edch \u00fadaj\u016f. Tyto z\u00e1sady ochrany osobn\u00edch \u00fadaj\u016f mohou b\u00fdt kontrolov\u00e1ny a aktualizov\u00e1ny bez p\u0159edchoz\u00edho upozorn\u011bn\u00ed. U\u017eivatel\u00e9 jsou vyzv\u00e1ni, aby pravideln\u011b kontrolovali tyto podm\u00ednky, proto\u017ee jejich dal\u0161\u00ed pou\u017e\u00edv\u00e1n\u00ed webov\u00e9 str\u00e1nky znamen\u00e1, \u017ee souhlas\u00ed se v\u0161emi mo\u017en\u00fdmi zm\u011bnami.<\/p>\n<p><strong>Bezpe\u010dnost<\/strong><br \/>\nKonzorcium projektu DIGIWELL shroma\u017e\u010fuje, uchov\u00e1v\u00e1 a zpracov\u00e1v\u00e1 \u00fadaje webov\u00e9 str\u00e1nky zp\u016fsobem, kter\u00fd je chr\u00e1n\u00ed. Zpracov\u00e1n\u00ed osobn\u00edch a jin\u00fdch, ne\u017e osobn\u00edch \u00fadaj\u016f prov\u00e1d\u011bj\u00ed v\u00fdhradn\u011b opr\u00e1vn\u011bn\u00ed pracovn\u00edci nebo partne\u0159i, p\u0159\u00edpadn\u011b obchodn\u00ed partne\u0159i, kte\u0159\u00ed podl\u00e9haj\u00ed stejn\u00fdm povinnostem t\u00fdkaj\u00edc\u00edm se ochrany osobn\u00edch a jin\u00fdch ne\u017e osobn\u00edch \u00fadaj\u016f. Pro zaji\u0161t\u011bn\u00ed bezpe\u010dnosti \u00fadaj\u016f p\u0159ed n\u00e1hodn\u00fdm nebo nez\u00e1konn\u00fdm zni\u010den\u00edm, n\u00e1hodnou ztr\u00e1tou, zm\u011bnou, zak\u00e1zan\u00fdm \u0161\u00ed\u0159en\u00edm nebo p\u0159\u00edstupem a jak\u00fdmkoliv nez\u00e1konn\u00fdm zpracov\u00e1n\u00edm jsou zavedeny v\u0161echny vhodn\u00e9 technick\u00e9 a organiza\u010dn\u00ed opat\u0159en\u00ed.<br \/>\nI kdy\u017e nem\u016f\u017eeme zaru\u010dit, \u017ee s\u00ed\u0165ov\u00e1 infrastruktura bude nep\u0159eru\u0161ovan\u00e1 nebo bezchybn\u011b funguj\u00edc\u00ed, nebo \u017ee bude zcela bez vir\u016f \u010di podobn\u00fdch probl\u00e9m\u016f, d\u011bl\u00e1me v\u0161e pro to, abychom zajistili bezpe\u010d\u00ed va\u0161ich informac\u00ed, a p\u0159ij\u00edm\u00e1me ochrann\u00e1 opat\u0159en\u00ed k prevenci ztr\u00e1ty, zneu\u017eit\u00ed nebo zm\u011bny va\u0161ich \u00fadaj\u016f. \u017d\u00e1dn\u00fd ochrann\u00fd syst\u00e9m na internetu v\u0161ak nezaru\u010duje bezpe\u010dnost server\u016f DIGIWELL nebo infrastruktury p\u0159enosu dat z po\u010d\u00edta\u010d\u016f u\u017eivatel\u016f na servery DIGIWELL, proto\u017ee \u017e\u00e1dn\u00fd syst\u00e9m p\u0159enosu dat nem\u016f\u017ee poskytnout 100% bezpe\u010dnost.<\/p>\n<p><strong>Shroma\u017e\u010fov\u00e1n\u00ed, zpracov\u00e1n\u00ed a ochrana osobn\u00edch \u00fadaj\u016f<\/strong><br \/>\nPravideln\u00ed u\u017eivatel\u00e9 mohou nav\u0161t\u00edvit platformu bez poskytnut\u00ed jak\u00fdchkoliv osobn\u00edch \u00fadaj\u016f. Registrace na platform\u011b v\u0161ak m\u016f\u017ee vy\u017eadovat pou\u017eit\u00ed soubor\u016f cookie s informacemi, jako je jm\u00e9no a e-mailov\u00e1 adresa. Tyto informace se pou\u017e\u00edvaj\u00ed k identifikaci majitele \u00fa\u010dtu a k podpo\u0159e \u00fa\u010delu webov\u00e9 str\u00e1nky.<br \/>\nPlatforma bude shroma\u017e\u010fovat \u00fadaje u\u017eivatel\u016f pouze v p\u0159\u00edpad\u011b, \u017ee je dobrovoln\u011b poskytnou pro \u00fa\u010dely p\u0159\u00edstupu na platformu. P\u0159i registraci na platform\u011b jsou u\u017eivatel\u00e9 povinni souhlasit se shroma\u017e\u010fov\u00e1n\u00edm, pou\u017e\u00edv\u00e1n\u00edm a p\u0159enosem sv\u00fdch osobn\u00edch \u00fadaj\u016f v souladu s t\u011bmito z\u00e1sadami ochrany osobn\u00edch \u00fadaj\u016f a platn\u00fdmi z\u00e1kony.<\/p>\n<p><strong>P\u0159i registraci na platform\u011b je u\u017eivatel po\u017e\u00e1d\u00e1n o vypln\u011bn\u00ed n\u00e1sleduj\u00edc\u00edch pol\u00ed:<\/strong><\/p>\n<p>===========<\/p>\n<p><strong>Konzorcium projektu DIGIWELL m\u016f\u017ee zp\u0159\u00edstupnit v\u00fd\u0161e uveden\u00e9 osobn\u00ed \u00fadaje spole\u010dnostem zab\u00fdvaj\u00edc\u00edm se po\u010d\u00edta\u010dovou a webovou podporou.<\/strong><br \/>\nZaznamen\u00e1v\u00e1n\u00ed \u00fadaj\u016f u\u017eivatel\u016f p\u0159i registraci na webov\u00e9 str\u00e1nce znamen\u00e1, \u017ee souhlas\u00ed se shroma\u017e\u010fov\u00e1n\u00edm, pou\u017e\u00edv\u00e1n\u00edm a p\u0159enosem sv\u00fdch osobn\u00edch \u00fadaj\u016f v souladu s t\u011bmito z\u00e1sadami ochrany osobn\u00edch \u00fadaj\u016f a z\u00e1konem.<br \/>\nU\u017eivatel prohla\u0161uje, \u017ee souhlas\u00ed a d\u00e1v\u00e1 souhlas s t\u00edm, \u017ee v souladu s ustanoven\u00edmi obecn\u00e9ho na\u0159\u00edzen\u00ed o ochran\u011b \u00fadaj\u016f (GDPR) 679\/2016 bude spole\u010dnost DIGIWELL uchov\u00e1vat a zpracov\u00e1vat osobn\u00ed \u00fadaje shrom\u00e1\u017ed\u011bn\u00e9 prost\u0159ednictv\u00edm webov\u00e9 str\u00e1nky v souboru, na statistick\u00e9 nebo obecn\u00e9 \u00fa\u010dely, za \u00fa\u010delem zaji\u0161t\u011bn\u00ed p\u0159\u00edstupu u\u017eivatele k poskytovan\u00fdm elektronick\u00fdm aplikac\u00edm, na podporu a realizaci vztahu mezi u\u017eivatelem a webovou str\u00e1nkou nebo na spln\u011bn\u00ed posl\u00e1n\u00ed e-learningov\u00e9 platformy DIGIWELL.<br \/>\nS v\u00fdjimkou p\u0159\u00edpad\u016f, kdy to vy\u017eaduje z\u00e1kon a bez souhlasu nebo v\u00fdslovn\u00e9 \u017e\u00e1dosti u\u017eivatel\u016f, spole\u010dnost DIGIWELL nebude p\u0159en\u00e1\u0161et, distribuovat ani jinak zve\u0159ej\u0148ovat poskytnut\u00e9 informace.<br \/>\nE-learningov\u00e1 platforma je pln\u011b v souladu s obecn\u00fdm na\u0159\u00edzen\u00edm o ochran\u011b \u00fadaj\u016f (GDPR) 679\/2016. Osobn\u00ed \u00fadaje se zpracov\u00e1vaj\u00ed zejm\u00e9na leg\u00e1ln\u011b a transparentn\u00edm zp\u016fsobem. \u00dadaje se shroma\u017e\u010fuj\u00ed pro konkr\u00e9tn\u00ed, explicitn\u00ed a z\u00e1konn\u00e9 \u00fa\u010dely a nezpracov\u00e1vaj\u00ed se v rozporu s p\u016fvodn\u00edmi \u00fa\u010dely. Archivace \u00fadaj\u016f, zlep\u0161ov\u00e1n\u00ed webov\u00e9 str\u00e1nky nebo jejich op\u011btovn\u00e9 zpracov\u00e1n\u00ed pro statistick\u00e9 \u00fa\u010dely m\u016f\u017ee b\u00fdt prov\u00e1d\u011bno pouze pro uveden\u00e9 \u00fa\u010dely. Zpracov\u00e1van\u00e9 \u00fadaje jsou omezeny na to, co je nezbytn\u00e9 pro \u00fa\u010dely, pro kter\u00e9 byly shrom\u00e1\u017ed\u011bny. \u00dadaje se uchov\u00e1vaj\u00ed tak, aby umo\u017e\u0148ovaly identifikaci fyzick\u00fdch osob po dobu stanovenou z\u00e1konem. U\u017eivatel\u016fm se z\u00e1rove\u0148 na\u0159\u00edzen\u00edm ud\u011bluje pr\u00e1vo na p\u0159\u00edstup, opravu, vymaz\u00e1n\u00ed, omezen\u00ed nebo n\u00e1mitku.<\/p>\n<p><strong>Shroma\u017e\u010fov\u00e1n\u00ed a zpracov\u00e1n\u00ed \u00fadaj\u016f a informac\u00ed uveden\u00fdch na t\u00e9to webov\u00e9 str\u00e1nce se prov\u00e1d\u00ed pro statistick\u00e9 \u00fa\u010dely a pro pln\u011bn\u00ed \u00fakolu e-learningov\u00e9 platformy DIGIWELL a \u00fadaje a informace jsou D\u016eV\u011aRN\u00c9.<\/strong><br \/>\nTyto \u00fadaje jsou p\u0159\u00edstupn\u00e9 pouze certifikovan\u00fdm a opr\u00e1vn\u011bn\u00fdm pracovn\u00edk\u016fm, kte\u0159\u00ed byli pov\u011b\u0159eni \u00fakolem shroma\u017e\u010fov\u00e1n\u00ed a zpracov\u00e1n\u00ed a jsou v\u00e1z\u00e1ni jasn\u00fdmi povinnostmi ml\u010denlivosti a protokolem o ml\u010denlivosti.<\/p>\n<p><strong>Statistiky prohl\u00ed\u017een\u00ed<\/strong><br \/>\nV n\u011bkter\u00fdch p\u0159\u00edpadech mohou b\u00fdt technick\u00e9 informace shroma\u017e\u010fov\u00e1ny automaticky (nap\u0159. nikoli prost\u0159ednictv\u00edm registrace), kdy\u017e u\u017eivatel nav\u0161t\u00edv\u00ed nebo pou\u017eije str\u00e1nku. P\u0159\u00edklady takov\u00fdch informac\u00ed zahrnuj\u00ed typ webov\u00e9ho prohl\u00ed\u017ee\u010de nav\u0161t\u00edven\u00e9ho u\u017eivatelem nebo pou\u017eit\u00fd opera\u010dn\u00ed syst\u00e9m po\u010d\u00edta\u010de, stejn\u011b jako n\u00e1zev dom\u00e9ny webov\u00e9 str\u00e1nky, ze kter\u00e9 je platforma propojena.<\/p>\n<p><strong>Pou\u017e\u00edv\u00e1n\u00ed soubor\u016f cookie<\/strong><br \/>\nSoubor cookie je mal\u00fd textov\u00fd soubor, kter\u00fd je ulo\u017een na pevn\u00e9m disku po\u010d\u00edta\u010de ka\u017ed\u00e9ho u\u017eivatele a neobsahuje informace o \u017e\u00e1dn\u00e9m dokumentu nebo souboru v po\u010d\u00edta\u010di u\u017eivatele, ani nevede k identifikaci jeho po\u010d\u00edta\u010de s jakoukoliv osobou. Soubory cookie se pou\u017e\u00edvaj\u00ed pro usnadn\u011bn\u00ed p\u0159\u00edstupu u\u017eivatel\u016f k ur\u010dit\u00fdm slu\u017eb\u00e1m a\/nebo str\u00e1nk\u00e1m webov\u00e9 str\u00e1nky, pro statistick\u00e9 \u00fa\u010dely a pro ur\u010den\u00ed, kter\u00e9 \u010d\u00e1sti jsou u\u017eite\u010dn\u00e9 nebo obl\u00edben\u00e9.<br \/>\nP\u0159i pou\u017e\u00edv\u00e1n\u00ed webov\u00e9 str\u00e1nky mohou b\u00fdt shroma\u017e\u010fov\u00e1ny osobn\u00ed a neosobn\u00ed identifik\u00e1tory u\u017eivatel\u016f pomoc\u00ed technologi\u00ed, jako jsou soubory cookie z\u00edskan\u00e9 z komunikace webov\u00e9ho prohl\u00ed\u017ee\u010de se serverem a\/nebo sledov\u00e1n\u00ed adresy protokolu.<br \/>\nNeosobn\u00ed informace mohou zahrnovat i typ webov\u00e9ho prohl\u00ed\u017ee\u010de pou\u017e\u00edvan\u00e9ho u\u017eivatelem, typ po\u010d\u00edta\u010de, opera\u010dn\u00ed syst\u00e9m, poskytovatele internetov\u00fdch slu\u017eeb a dal\u0161\u00ed relevantn\u00ed informace.<br \/>\nV ka\u017ed\u00e9m p\u0159\u00edpad\u011b mus\u00ed b\u00fdt u\u017eivatel schopen jasn\u011b ur\u010dit, zda m\u00e1 nebo nem\u00e1 p\u0159ij\u00edmat &#8220;cookies&#8221; p\u0159i prohl\u00ed\u017een\u00ed webu. Pokud si u\u017eivatel nep\u0159eje, aby byly soubory cookie pou\u017e\u00edv\u00e1ny, m\u016f\u017ee m\u00edt omezen\u00fd p\u0159\u00edstup k n\u011bkter\u00fdm slu\u017eb\u00e1m nebo funkc\u00edm, kter\u00e9 webov\u00e1 str\u00e1nka nab\u00edz\u00ed.<br \/>\nDal\u0161\u00ed informace o obecn\u00e9m pou\u017e\u00edv\u00e1n\u00ed soubor\u016f cookie a o tom, jak je vylou\u010dit nebo omezit, naleznete na n\u00e1sleduj\u00edc\u00edch str\u00e1nk\u00e1ch: <a href=\"http:\/\/cookiepedia.co.uk\/all-about-cookies\">http:\/\/cookiepedia.co.uk\/all-about-cookies<\/a> a <a href=\"http:\/\/www.allaboutcookies.org\/\">http:\/\/www.allaboutcookies.org\/<\/a>.<\/p>\n<p><strong>Oblast pou\u017eit\u00ed<\/strong><br \/>\nTato politika se vztahuje pouze na e-learningovou platformu DIGIWELL. Tyto z\u00e1sady se nevztahuj\u00ed na informace shrom\u00e1\u017ed\u011bn\u00e9 prost\u0159ednictv\u00edm jin\u00fdch webov\u00fdch str\u00e1nek ani na firemn\u00ed postupy mimo na\u0161i kontrolu. Upozor\u0148ujeme, \u017ee e-learningov\u00e1 platforma DIGIWELL m\u016f\u017ee obsahovat odkazy na jin\u00e9 webov\u00e9 str\u00e1nky. Pokud budete p\u0159esm\u011brov\u00e1ni na str\u00e1nky t\u0159et\u00edch stran s speci\u00e1ln\u00edmi odkazy (linky, hypertextov\u00e9 odkazy, bannery atd.), neneseme odpov\u011bdnost za podm\u00ednky spr\u00e1vy a ochrany osobn\u00edch \u00fadaj\u016f, kter\u00e9 tyto str\u00e1nky uplat\u0148uj\u00ed, a d\u016frazn\u011b doporu\u010dujeme, abyste si p\u0159e\u010detli z\u00e1sady ochrany osobn\u00edch \u00fadaj\u016f ka\u017ed\u00e9 str\u00e1nky, kterou nav\u0161t\u00edv\u00edte.<\/p>\n","protected":false},"excerpt":{"rendered":"<p>DIGIWELL | Z\u00c1SADY OCHRANY OSOBN\u00cdCH \u00daDAJ\u016e A BEZPE\u010cNOSTI E-LEARNINGOV\u00c9 PLATFORMA \u00davod Toto ozn\u00e1men\u00ed o ochran\u011b osobn\u00edch \u00fadaj\u016f stanov\u00ed, jak e-learningov\u00e1 platforma DIGIWELL pou\u017e\u00edv\u00e1 a chr\u00e1n\u00ed&hellip;<\/p>\n","protected":false},"author":1,"featured_media":0,"parent":0,"menu_order":0,"comment_status":"closed","ping_status":"open","template":"","meta":{"_acf_changed":false,"footnotes":""},"class_list":["post-19424","page","type-page","status-publish","hentry"],"acf":[],"yoast_head":"<!-- This site is optimized with the Yoast SEO plugin v24.0 - https:\/\/yoast.com\/wordpress\/plugins\/seo\/ -->\n<title>Z\u00e1sady ochrany osobn\u00edch \u00fadaj\u016f - Digiwell<\/title>\n<meta name=\"robots\" content=\"index, follow, max-snippet:-1, max-image-preview:large, max-video-preview:-1\" \/>\n<link rel=\"canonical\" href=\"https:\/\/platformdigiwell.eu\/cs\/zasady-ochrany-osobnich-udaju\/\" \/>\n<meta property=\"og:locale\" content=\"cs_CZ\" \/>\n<meta property=\"og:type\" content=\"article\" \/>\n<meta property=\"og:title\" content=\"Z\u00e1sady ochrany osobn\u00edch \u00fadaj\u016f - Digiwell\" \/>\n<meta property=\"og:description\" content=\"DIGIWELL | Z\u00c1SADY OCHRANY OSOBN\u00cdCH \u00daDAJ\u016e A BEZPE\u010cNOSTI E-LEARNINGOV\u00c9 PLATFORMA \u00davod Toto ozn\u00e1men\u00ed o ochran\u011b osobn\u00edch \u00fadaj\u016f stanov\u00ed, jak e-learningov\u00e1 platforma DIGIWELL pou\u017e\u00edv\u00e1 a chr\u00e1n\u00ed&hellip;\" \/>\n<meta property=\"og:url\" content=\"https:\/\/platformdigiwell.eu\/cs\/zasady-ochrany-osobnich-udaju\/\" \/>\n<meta property=\"og:site_name\" content=\"Digiwell\" \/>\n<meta name=\"twitter:card\" content=\"summary_large_image\" \/>\n<meta name=\"twitter:label1\" content=\"Odhadovan\u00e1 doba \u010dten\u00ed\" \/>\n\t<meta name=\"twitter:data1\" content=\"5 minut\" \/>\n<script type=\"application\/ld+json\" class=\"yoast-schema-graph\">{\"@context\":\"https:\/\/schema.org\",\"@graph\":[{\"@type\":\"WebPage\",\"@id\":\"https:\/\/platformdigiwell.eu\/cs\/zasady-ochrany-osobnich-udaju\/\",\"url\":\"https:\/\/platformdigiwell.eu\/cs\/zasady-ochrany-osobnich-udaju\/\",\"name\":\"Z\u00e1sady ochrany osobn\u00edch \u00fadaj\u016f - Digiwell\",\"isPartOf\":{\"@id\":\"https:\/\/platformdigiwell.eu\/#website\"},\"datePublished\":\"2024-11-19T10:40:11+00:00\",\"dateModified\":\"2024-11-19T10:40:11+00:00\",\"breadcrumb\":{\"@id\":\"https:\/\/platformdigiwell.eu\/cs\/zasady-ochrany-osobnich-udaju\/#breadcrumb\"},\"inLanguage\":\"cs\",\"potentialAction\":[{\"@type\":\"ReadAction\",\"target\":[\"https:\/\/platformdigiwell.eu\/cs\/zasady-ochrany-osobnich-udaju\/\"]}]},{\"@type\":\"BreadcrumbList\",\"@id\":\"https:\/\/platformdigiwell.eu\/cs\/zasady-ochrany-osobnich-udaju\/#breadcrumb\",\"itemListElement\":[{\"@type\":\"ListItem\",\"position\":1,\"name\":\"Home\",\"item\":\"https:\/\/platformdigiwell.eu\/cs\/\"},{\"@type\":\"ListItem\",\"position\":2,\"name\":\"Z\u00e1sady ochrany osobn\u00edch \u00fadaj\u016f\"}]},{\"@type\":\"WebSite\",\"@id\":\"https:\/\/platformdigiwell.eu\/#website\",\"url\":\"https:\/\/platformdigiwell.eu\/\",\"name\":\"Digiwell\",\"description\":\"\",\"publisher\":{\"@id\":\"https:\/\/platformdigiwell.eu\/#organization\"},\"potentialAction\":[{\"@type\":\"SearchAction\",\"target\":{\"@type\":\"EntryPoint\",\"urlTemplate\":\"https:\/\/platformdigiwell.eu\/?s={search_term_string}\"},\"query-input\":{\"@type\":\"PropertyValueSpecification\",\"valueRequired\":true,\"valueName\":\"search_term_string\"}}],\"inLanguage\":\"cs\"},{\"@type\":\"Organization\",\"@id\":\"https:\/\/platformdigiwell.eu\/#organization\",\"name\":\"Envision\",\"url\":\"https:\/\/platformdigiwell.eu\/\",\"logo\":{\"@type\":\"ImageObject\",\"inLanguage\":\"cs\",\"@id\":\"https:\/\/platformdigiwell.eu\/#\/schema\/logo\/image\/\",\"url\":\"https:\/\/products.pixelenv.com\/cp\/envision\/wp-content\/uploads\/2021\/12\/LOGO-Envision-transparent.png\",\"contentUrl\":\"https:\/\/products.pixelenv.com\/cp\/envision\/wp-content\/uploads\/2021\/12\/LOGO-Envision-transparent.png\",\"width\":1600,\"height\":900,\"caption\":\"Envision\"},\"image\":{\"@id\":\"https:\/\/platformdigiwell.eu\/#\/schema\/logo\/image\/\"}}]}<\/script>\n<!-- \/ Yoast SEO plugin. -->","yoast_head_json":{"title":"Z\u00e1sady ochrany osobn\u00edch \u00fadaj\u016f - Digiwell","robots":{"index":"index","follow":"follow","max-snippet":"max-snippet:-1","max-image-preview":"max-image-preview:large","max-video-preview":"max-video-preview:-1"},"canonical":"https:\/\/platformdigiwell.eu\/cs\/zasady-ochrany-osobnich-udaju\/","og_locale":"cs_CZ","og_type":"article","og_title":"Z\u00e1sady ochrany osobn\u00edch \u00fadaj\u016f - Digiwell","og_description":"DIGIWELL | Z\u00c1SADY OCHRANY OSOBN\u00cdCH \u00daDAJ\u016e A BEZPE\u010cNOSTI E-LEARNINGOV\u00c9 PLATFORMA \u00davod Toto ozn\u00e1men\u00ed o ochran\u011b osobn\u00edch \u00fadaj\u016f stanov\u00ed, jak e-learningov\u00e1 platforma DIGIWELL pou\u017e\u00edv\u00e1 a chr\u00e1n\u00ed&hellip;","og_url":"https:\/\/platformdigiwell.eu\/cs\/zasady-ochrany-osobnich-udaju\/","og_site_name":"Digiwell","twitter_card":"summary_large_image","twitter_misc":{"Odhadovan\u00e1 doba \u010dten\u00ed":"5 minut"},"schema":{"@context":"https:\/\/schema.org","@graph":[{"@type":"WebPage","@id":"https:\/\/platformdigiwell.eu\/cs\/zasady-ochrany-osobnich-udaju\/","url":"https:\/\/platformdigiwell.eu\/cs\/zasady-ochrany-osobnich-udaju\/","name":"Z\u00e1sady ochrany osobn\u00edch \u00fadaj\u016f - Digiwell","isPartOf":{"@id":"https:\/\/platformdigiwell.eu\/#website"},"datePublished":"2024-11-19T10:40:11+00:00","dateModified":"2024-11-19T10:40:11+00:00","breadcrumb":{"@id":"https:\/\/platformdigiwell.eu\/cs\/zasady-ochrany-osobnich-udaju\/#breadcrumb"},"inLanguage":"cs","potentialAction":[{"@type":"ReadAction","target":["https:\/\/platformdigiwell.eu\/cs\/zasady-ochrany-osobnich-udaju\/"]}]},{"@type":"BreadcrumbList","@id":"https:\/\/platformdigiwell.eu\/cs\/zasady-ochrany-osobnich-udaju\/#breadcrumb","itemListElement":[{"@type":"ListItem","position":1,"name":"Home","item":"https:\/\/platformdigiwell.eu\/cs\/"},{"@type":"ListItem","position":2,"name":"Z\u00e1sady ochrany osobn\u00edch \u00fadaj\u016f"}]},{"@type":"WebSite","@id":"https:\/\/platformdigiwell.eu\/#website","url":"https:\/\/platformdigiwell.eu\/","name":"Digiwell","description":"","publisher":{"@id":"https:\/\/platformdigiwell.eu\/#organization"},"potentialAction":[{"@type":"SearchAction","target":{"@type":"EntryPoint","urlTemplate":"https:\/\/platformdigiwell.eu\/?s={search_term_string}"},"query-input":{"@type":"PropertyValueSpecification","valueRequired":true,"valueName":"search_term_string"}}],"inLanguage":"cs"},{"@type":"Organization","@id":"https:\/\/platformdigiwell.eu\/#organization","name":"Envision","url":"https:\/\/platformdigiwell.eu\/","logo":{"@type":"ImageObject","inLanguage":"cs","@id":"https:\/\/platformdigiwell.eu\/#\/schema\/logo\/image\/","url":"https:\/\/products.pixelenv.com\/cp\/envision\/wp-content\/uploads\/2021\/12\/LOGO-Envision-transparent.png","contentUrl":"https:\/\/products.pixelenv.com\/cp\/envision\/wp-content\/uploads\/2021\/12\/LOGO-Envision-transparent.png","width":1600,"height":900,"caption":"Envision"},"image":{"@id":"https:\/\/platformdigiwell.eu\/#\/schema\/logo\/image\/"}}]}},"_links":{"self":[{"href":"https:\/\/platformdigiwell.eu\/cs\/wp-json\/wp\/v2\/pages\/19424","targetHints":{"allow":["GET"]}}],"collection":[{"href":"https:\/\/platformdigiwell.eu\/cs\/wp-json\/wp\/v2\/pages"}],"about":[{"href":"https:\/\/platformdigiwell.eu\/cs\/wp-json\/wp\/v2\/types\/page"}],"author":[{"embeddable":true,"href":"https:\/\/platformdigiwell.eu\/cs\/wp-json\/wp\/v2\/users\/1"}],"replies":[{"embeddable":true,"href":"https:\/\/platformdigiwell.eu\/cs\/wp-json\/wp\/v2\/comments?post=19424"}],"version-history":[{"count":1,"href":"https:\/\/platformdigiwell.eu\/cs\/wp-json\/wp\/v2\/pages\/19424\/revisions"}],"predecessor-version":[{"id":19425,"href":"https:\/\/platformdigiwell.eu\/cs\/wp-json\/wp\/v2\/pages\/19424\/revisions\/19425"}],"wp:attachment":[{"href":"https:\/\/platformdigiwell.eu\/cs\/wp-json\/wp\/v2\/media?parent=19424"}],"curies":[{"name":"wp","href":"https:\/\/api.w.org\/{rel}","templated":true}]}}