{"id":19439,"date":"2024-11-19T12:48:32","date_gmt":"2024-11-19T10:48:32","guid":{"rendered":"https:\/\/platformdigiwell.eu\/?page_id=19439"},"modified":"2024-11-19T12:48:32","modified_gmt":"2024-11-19T10:48:32","slug":"podminky-pouzivani","status":"publish","type":"page","link":"https:\/\/platformdigiwell.eu\/cs\/podminky-pouzivani\/","title":{"rendered":"Podm\u00ednky Pou\u017e\u00edv\u00e1n\u00ed"},"content":{"rendered":"<p><strong>DIGIWELL | PODM\u00cdNKY POU\u017d\u00cdV\u00c1N\u00cd E-LEARNINGOV\u00c9 PLATFORMY<\/strong><\/p>\n<p><strong>\u00a0<\/strong><\/p>\n<p><strong>\u00davod<\/strong><br \/>\nPou\u017e\u00edv\u00e1n\u00ed e-learningov\u00e9 platformy DIGIWELL, v\u010detn\u011b proch\u00e1zen\u00ed webu, jej\u00edch slu\u017eeb ukl\u00e1d\u00e1n\u00ed do vyrovn\u00e1vac\u00ed pam\u011bti a jak\u00fdchkoli dal\u0161\u00edch slu\u017eeb poskytovan\u00fdch platformou, vy\u017eaduje bezpodm\u00edne\u010dn\u00fd souhlas s podm\u00ednkami pou\u017e\u00edv\u00e1n\u00ed popsan\u00fdmi v tomto dokumentu, co\u017e p\u0159edstavuje jejich praktick\u00e9 p\u0159ijet\u00ed. P\u0159\u00edstupem na platformu nebo jej\u00edm pou\u017e\u00edv\u00e1n\u00edm souhlas\u00edte s t\u00edm, \u017ee budete v\u00e1z\u00e1ni t\u011bmito podm\u00ednkami, stejn\u011b jako podm\u00ednkami z\u00e1sad ochrany osobn\u00edch \u00fadaj\u016f a bezpe\u010dnosti. U\u017eivatel\u00e9 jsou povinni pravideln\u011b kontrolovat tyto podm\u00ednky, zda nedo\u0161lo k jejich zm\u011bn\u00e1m, proto\u017ee dal\u0161\u00ed pou\u017e\u00edv\u00e1n\u00ed platformy znamen\u00e1, \u017ee souhlas\u00ed s jak\u00fdmikoli jej\u00edmi \u00fapravami.<\/p>\n<p><strong>\u00a0<\/strong><\/p>\n<p><strong>Pou\u017e\u00edv\u00e1n\u00ed platformy elektronick\u00e9ho vzd\u011bl\u00e1v\u00e1n\u00ed DIGIWELL<\/strong><br \/>\nTento dokument se vztahuje na u\u017eivatele e-learningov\u00e9 platformy DIGIWELL. Pe\u010dliv\u011b si jej p\u0159e\u010dt\u011bte, proto\u017ee pou\u017e\u00edv\u00e1n\u00edm t\u00e9to webov\u00e9 str\u00e1nky souhlas\u00edte s t\u00edm, \u017ee budete pr\u00e1vn\u011b v\u00e1z\u00e1ni a budete dodr\u017eovat jej\u00ed podm\u00ednky. Pokud s t\u011bmito podm\u00ednkami nesouhlas\u00edte, nem\u00e1te opr\u00e1vn\u011bn\u00ed pou\u017e\u00edvat e-learningovou platformu DIGIWELL.<br \/>\nTento dokument se vztahuje pouze na e-learningovou platformu DIGIWELL a nikoliv na webov\u00e9 str\u00e1nky jin\u00fdch instituc\u00ed, spole\u010dnost\u00ed nebo univerzit, kter\u00e9 jsou \u010dleny konsorcia DIGIWELL.<br \/>\nJak ji\u017e bylo zm\u00edn\u011bno, tyto podm\u00ednky mohou b\u00fdt \u010das od \u010dasu revidov\u00e1ny, proto doporu\u010dujeme p\u0159i ka\u017ed\u00e9 n\u00e1v\u0161t\u011bv\u011b e-learningov\u00e9 platformy DIGIWELL zkontrolovat tuto str\u00e1nku. Pokud budete pokra\u010dovat v pou\u017e\u00edv\u00e1n\u00ed platformy po zve\u0159ejn\u011bn\u00ed zm\u011bn, znamen\u00e1 to, \u017ee souhlas\u00edte s nov\u00fdmi podm\u00ednkami.<\/p>\n<p>&nbsp;<\/p>\n<p><strong>Konzorcium projektu DIGIWELL (d\u00e1le jen &#8220;partne\u0159i&#8221;) poskytuje p\u0159\u00edstup k t\u00e9to e-learningov\u00e9 platform\u011b a jej\u00edmu pou\u017e\u00edv\u00e1n\u00ed za n\u00e1sleduj\u00edc\u00edch podm\u00ednek:<\/strong><\/p>\n<ul>\n<li>Souhlas\u00edte s t\u00edm, \u017ee tuto webovou str\u00e1nku budete pou\u017e\u00edvat pouze k leg\u00e1ln\u00edm \u00fa\u010del\u016fm a zp\u016fsobem, kter\u00fd neporu\u0161uje, neomezuje ani nezakazuje jej\u00ed pou\u017e\u00edv\u00e1n\u00ed a u\u017e\u00edv\u00e1n\u00ed jin\u00fdm osob\u00e1m. Obt\u011b\u017eov\u00e1n\u00ed nebo zp\u016fsobov\u00e1n\u00ed \u00fazkosti \u010di nepohodl\u00ed ostatn\u00edm, p\u0159enos obsc\u00e9nn\u00edho nebo ur\u00e1\u017eliv\u00e9ho obsahu nebo naru\u0161ov\u00e1n\u00ed pravideln\u00e9ho toku komunikace na t\u00e9to webov\u00e9 str\u00e1nce jsou zak\u00e1zan\u00e9 chov\u00e1n\u00ed.<\/li>\n<li>Nesm\u00edte zkoumat, skenovat nebo testovat zranitelnost, ani poru\u0161ovat bezpe\u010dnostn\u00ed nebo autentifika\u010dn\u00ed opat\u0159en\u00ed na webov\u00e9 str\u00e1nce nebo v jak\u00e9koli s\u00edti, kter\u00e1 je k n\u00ed p\u0159ipojena.<\/li>\n<li>Je p\u0159\u00edsn\u011b zak\u00e1z\u00e1no zasahovat do spr\u00e1vn\u00e9ho fungov\u00e1n\u00ed webov\u00e9 str\u00e1nky nebo do pou\u017e\u00edv\u00e1n\u00ed webov\u00e9 str\u00e1nky jin\u00fdmi osobami pomoc\u00ed jak\u00e9hokoli automatick\u00e9ho nebo manu\u00e1ln\u00edho za\u0159\u00edzen\u00ed, programu, algoritmu nebo metodiky.<\/li>\n<\/ul>\n<p><strong>\u00a0<\/strong><\/p>\n<p><strong>Upozor\u0148ujeme, \u017ee tyto podm\u00ednky pou\u017e\u00edv\u00e1n\u00ed zahrnuj\u00ed tak\u00e9:<\/strong><\/p>\n<ul>\n<li><strong>&#8220;Z\u00e1sady ochrany osobn\u00edch \u00fadaj\u016f a bezpe\u010dnosti e-learningov\u00e9 platformy DIGIWELL&#8221;,<\/strong> kter\u00e9 se vztahuj\u00ed i na pou\u017e\u00edv\u00e1n\u00ed e-learningov\u00e9 platformy.<\/li>\n<\/ul>\n<p><strong>\u00a0<\/strong><\/p>\n<p><strong>Du\u0161evn\u00ed vlastnictv\u00ed<\/strong><\/p>\n<p>Konzorcium DIGIWELL je dr\u017eitelem v\u0161ech autorsk\u00fdch pr\u00e1v, ochrann\u00fdch zn\u00e1mek, pr\u00e1v k designu, patent\u016f a jin\u00fdch pr\u00e1v du\u0161evn\u00edho vlastnictv\u00ed (registrovan\u00fdch i neregistrovan\u00fdch), stejn\u011b jako ve\u0161ker\u00e9ho obsahu na t\u00e9to e-learningov\u00e9 platform\u011b. U\u017eivatel\u00e9 mus\u00ed respektovat v\u0161echna upozorn\u011bn\u00ed na autorsk\u00e1 pr\u00e1va a omezen\u00ed obsa\u017een\u00e1 na platform\u011b elektronick\u00e9ho vzd\u011bl\u00e1v\u00e1n\u00ed DIGIWELL.<br \/>\nPokud nen\u00ed v\u00fdslovn\u011b uvedeno jinak, je p\u0159\u00edsn\u011b zak\u00e1z\u00e1no kop\u00edrovat, reprodukovat, op\u011btovn\u011b publikovat, rozeb\u00edrat, dekompilovat, stahovat, zve\u0159ej\u0148ovat, vys\u00edlat, p\u0159en\u00e1\u0161et nebo zp\u0159\u00edstup\u0148ovat ve\u0159ejnosti jak\u00fdkoli \u0161kolic\u00ed materi\u00e1l spole\u010dnosti DIGIWELL (\u010d\u00e1st, soubor, obsah nebo informace).<br \/>\nM\u016f\u017eete si st\u00e1hnout pouze jednu strojov\u011b \u010ditelnou kopii \u00famysln\u011b poskytnut\u00fdch webov\u00fdch materi\u00e1l\u016f za n\u00e1sleduj\u00edc\u00edch podm\u00ednek:<\/p>\n<ul>\n<li>Pouze pro osobn\u00ed, nekomer\u010dn\u00ed pou\u017eit\u00ed<\/li>\n<li>Pouze pokud neprovedete \u017e\u00e1dn\u00e9 zm\u011bny v textu nebo neodstran\u00edte \u017e\u00e1dnou ochrannou zn\u00e1mku, autorsk\u00e1 pr\u00e1va nebo jak\u00e9koli jin\u00e9 upozorn\u011bn\u00ed zobrazen\u00e9 na materi\u00e1lech webov\u00e9 str\u00e1nky.<\/li>\n<\/ul>\n<p><strong>\u00a0<\/strong><\/p>\n<p><strong>P\u0159esnost obsahu a informac\u00ed<\/strong><\/p>\n<p>Obsah \u0161kolic\u00edch materi\u00e1l\u016f DIGIWELL byl pe\u010dliv\u011b zkontrolov\u00e1n podle nejlep\u0161\u00edho v\u011bdom\u00ed. V\u0161echny z\u00e1ruky, podm\u00ednky uspokojiv\u00e9 kvality a vhodnosti pro dan\u00fd \u00fa\u010del jsou v\u0161ak v pln\u00e9m rozsahu vylou\u010deny z\u00e1konem.<br \/>\nPartne\u0159i spole\u010dnosti DIGIWELL nenesou odpov\u011bdnost zejm\u00e9na za \u017e\u00e1dn\u00e9 p\u0159\u00edm\u00e9, nep\u0159\u00edm\u00e9, n\u00e1sledn\u00e9 nebo jin\u00e9 \u0161kody, kter\u00e9 utrp\u00ed \u00fa\u010dastn\u00edk \u0161kolen\u00ed nebo jak\u00e1koli t\u0159et\u00ed strana v d\u016fsledku pou\u017e\u00edv\u00e1n\u00ed obsahu e-learningov\u00e9 platformy DIGIWELL a\/nebo \u0161kolic\u00edch program\u016f.<br \/>\n\u0160kolic\u00ed materi\u00e1l DIGIWELL m\u016f\u017ee b\u00fdt kdykoli aktualizov\u00e1n podle po\u017eadavk\u016f partner\u016f spole\u010dnosti DIGIWELL v r\u00e1mci \u0161kol\u00edc\u00edho programu DIGIWELL, aby odr\u00e1\u017eel aktualizaci v\u011bdomost\u00ed, zlep\u0161ov\u00e1n\u00ed vzd\u011bl\u00e1v\u00e1n\u00ed nebo opravil jak\u00e9koli chyby, kter\u00e9 byly zji\u0161t\u011bny.<\/p>\n<p>Tyto podm\u00ednky pou\u017e\u00edv\u00e1n\u00ed se vztahuj\u00ed pouze na e-learningovou platformu DIGIWELL, a ne na jin\u00e9 webov\u00e9 str\u00e1nky. Kdy\u017e odkazujeme na jin\u00e9 webov\u00e9 str\u00e1nky, pokus\u00edme se co nejjasn\u011bji uv\u00e9st, \u017ee opou\u0161t\u00edte tuto webovou str\u00e1nku. V p\u0159\u00edpad\u011b, \u017ee jsou u\u017eivatel\u00e9 platformy DIGIWELL p\u0159esm\u011brov\u00e1ni na webov\u00e9 str\u00e1nky t\u0159et\u00edch stran prost\u0159ednictv\u00edm speci\u00e1ln\u00edch odkaz\u016f (odkazy, hypertextov\u00e9 odkazy, bannery atd.), neneseme odpov\u011bdnost za podm\u00ednky spr\u00e1vy a ochrany osobn\u00edch \u00fadaj\u016f, kter\u00fdmi se tyto webov\u00e9 str\u00e1nky \u0159\u00edd\u00ed, a doporu\u010dujeme v\u00e1m, abyste si p\u0159e\u010detli z\u00e1sady ochrany osobn\u00edch \u00fadaj\u016f ka\u017ed\u00e9 nav\u0161t\u00edven\u00e9 str\u00e1nky.<\/p>\n<p><strong>Zodpov\u011bdnost<\/strong><\/p>\n<p><strong>Dodr\u017eov\u00e1n\u00ed p\u0159edpis\u016f a zabezpe\u010den\u00ed slu\u017eeb<\/strong><\/p>\n<p>I kdy\u017e vynakl\u00e1d\u00e1me maxim\u00e1ln\u00ed \u00fasil\u00ed na navrhov\u00e1n\u00ed, programov\u00e1n\u00ed a poskytov\u00e1n\u00ed co nejlep\u0161\u00ed webov\u00e9 str\u00e1nky, nem\u016f\u017eeme zaru\u010dit, \u017ee tato webov\u00e1 str\u00e1nka nebo jak\u00fdkoli obsah, slu\u017eba \u010di funkce t\u00e9to webov\u00e9 str\u00e1nky bude bezchybn\u00e9, nep\u0159eru\u0161ovan\u00e9 nebo kompatibiln\u00ed se v\u0161\u00edm hardwarem a softwarem, ani \u017ee va\u0161e pou\u017e\u00edv\u00e1n\u00ed webov\u00e9 str\u00e1nky povede k po\u017eadovan\u00fdm v\u00fdsledk\u016fm. Tato webov\u00e1 str\u00e1nka a jej\u00ed obsah jsou poskytov\u00e1ny &#8220;tak, jak jsou&#8221; a &#8220;jak jsou dostupn\u00e9&#8221;.<\/p>\n<p><strong>Pro e-learningovou platformu DIGIWELL jsou pot\u0159ebn\u00e9 minim\u00e1ln\u00ed IT dovednosti a vybaven\u00ed:<\/strong><\/p>\n<ul>\n<li>\u0160irokop\u00e1smov\u00fd p\u0159\u00edstup na internet<\/li>\n<li>Modern\u00ed webov\u00fd prohl\u00ed\u017ee\u010d, kter\u00fd spl\u0148uje sou\u010dasn\u00e9 webov\u00e9 standardy a aktivuje funkce, jako jsou soubory cookie relace (autentifikace platformy), JavaScript (funkce n\u00e1stroje platformy, interaktivita, vizu\u00e1ln\u00ed efekty atd.), plugin Adobe Reader\u00ae (pro zobrazen\u00ed PDF dokument\u016f) atd.<\/li>\n<li>Kancel\u00e1\u0159sk\u00fd softwarov\u00fd bal\u00edk spr\u00e1vn\u011b nainstalovan\u00fd a nakonfigurovan\u00fd na va\u0161em po\u010d\u00edta\u010di pro zpracov\u00e1n\u00ed standardn\u00edch textov\u00fdch, tabulkov\u00fdch nebo prezenta\u010dn\u00edch soubor\u016f.<\/li>\n<\/ul>\n<p><strong>D\u016eLE\u017dIT\u00c9:<\/strong> Nedodr\u017een\u00ed n\u011bkter\u00e9ho z v\u00fd\u0161e uveden\u00fdch krit\u00e9ri\u00ed m\u016f\u017ee v\u00e9st k probl\u00e9m\u016fm s u\u017eivatelsk\u00fdm z\u00e1\u017eitkem, za kter\u00e9 by spole\u010dnost DIGIWELL nenesla odpov\u011bdnost.<\/p>\n<p>Nakonec, i kdy\u017e velmi usilujeme o v\u00fdvoj co nejbezpe\u010dn\u011bj\u0161\u00ed webov\u00e9 str\u00e1nky, nem\u016f\u017eeme zaru\u010dit, \u017ee jak\u00e9koli soubory nebo data, kter\u00e9 si st\u00e1hnete z t\u00e9to str\u00e1nky, nebudou obsahovat viry nebo destruktivn\u00ed funkce. Jste odpov\u011bdn\u00ed za p\u0159ijet\u00ed vhodn\u00fdch opat\u0159en\u00ed, abyste zajistili, \u017ee p\u0159i pou\u017e\u00edv\u00e1n\u00ed t\u00e9to webov\u00e9 str\u00e1nky na jak\u00e9mkoli za\u0159\u00edzen\u00ed pravideln\u011b kontrolujete viry.<\/p>\n<p><strong>\u00a0<\/strong><\/p>\n<p><strong>Webov\u00e9 \u00fa\u010dty<\/strong><\/p>\n<p>Jste pln\u011b odpov\u011bdn\u00ed za zachov\u00e1n\u00ed d\u016fv\u011brnosti informac\u00ed o va\u0161em \u00fa\u010dtu (v\u010detn\u011b u\u017eivatelsk\u00e9ho jm\u00e9na a hesla).<br \/>\nM\u011bli byste zejm\u00e9na:<\/p>\n<ul>\n<li>V hesle pou\u017e\u00edt minim\u00e1ln\u011b 6 znak\u016f, p\u0159i\u010dem\u017e zkombinujte mal\u00e1 a velk\u00e1 p\u00edsmena a \u010d\u00edslice.<\/li>\n<li>P\u0159i odchodu z po\u010d\u00edta\u010de se v\u017edy odhlaste z webov\u00e9 platformy.<\/li>\n<li>Nikdy nezdejte sv\u00e9 p\u0159ihla\u0161ovac\u00ed \u00fadaje bez \u0161ifrov\u00e1n\u00ed.<\/li>\n<\/ul>\n<p>Pomoc\u00ed e-learningov\u00e9 platformy DIGIWELL:<\/p>\n<ul>\n<li>Berete na v\u011bdom\u00ed a souhlas\u00edte s t\u00edm, \u017ee okam\u017eit\u011b upozorn\u00edte na jak\u00e9koli neopr\u00e1vn\u011bn\u00e9 pou\u017eit\u00ed va\u0161eho \u00fa\u010dtu.<\/li>\n<li>Souhlas\u00edte s t\u00edm, \u017ee nebudete pou\u017e\u00edvat \u00fa\u010det e-learningov\u00e9 platformy DIGIWELL nikoho jin\u00e9ho bez v\u00fdslovn\u00e9ho souhlasu a povolen\u00ed vlastn\u00edka tohoto \u00fa\u010dtu.<\/li>\n<li>Berete na v\u011bdom\u00ed, \u017ee konsorcium DIGIWELL nem\u016f\u017ee a nebude odpov\u011bdn\u00e9 za \u017e\u00e1dn\u00e9 ztr\u00e1ty nebo \u0161kody vypl\u00fdvaj\u00edc\u00ed z va\u0161eho nedodr\u017een\u00ed t\u011bchto povinnost\u00ed.<\/li>\n<\/ul>\n<p><strong>\u00a0<\/strong><\/p>\n<p><strong>V\u0161eobecn\u00e9 podm\u00ednky zodpov\u011bdnosti<\/strong><\/p>\n<p>V maxim\u00e1ln\u00edm rozsahu povolen\u00e9m z\u00e1konem vylu\u010dujeme jakoukoli odpov\u011bdnost za jak\u00e9koli ztr\u00e1ty nebo \u0161kody (p\u0159\u00edm\u00e9, nep\u0159\u00edm\u00e9 nebo n\u00e1sledn\u00e9) souvisej\u00edc\u00ed s t\u011bmito podm\u00ednkami nebo s va\u0161\u00edm (\u010di jakoukoli t\u0159et\u00ed stranou) pou\u017e\u00edv\u00e1n\u00edm nebo nemo\u017enost\u00ed pou\u017e\u00edvat e-learningovou platformu, nebo s um\u00edst\u011bn\u00edm obsahu na e-learningovou platformu, nebo za va\u0161e spol\u00e9h\u00e1n\u00ed se na informace z\u00edskan\u00e9 z e-learningov\u00e9 platformy nebo prost\u0159ednictv\u00edm n\u00ed.<br \/>\nSouhlas\u00edte s t\u00edm, \u017ee n\u00e1s, na\u0161e \u0159editele, zam\u011bstnance a z\u00e1stupce budete h\u00e1jit, od\u0161kodnit a chr\u00e1nit p\u0159ed jak\u00fdmikoli n\u00e1roky, z\u00e1vazky, \u0161kodami, ztr\u00e1tami nebo v\u00fddaji, v\u010detn\u011b p\u0159im\u011b\u0159en\u00fdch pr\u00e1vn\u00edch n\u00e1klad\u016f, kter\u00e9 vypl\u00fdvaj\u00ed z jak\u00e9hokoli poru\u0161en\u00ed t\u011bchto podm\u00ednek pou\u017e\u00edv\u00e1n\u00ed nebo jsou s n\u00edm jak\u00fdmkoli zp\u016fsobem spojeny.<\/p>\n<p>&nbsp;<\/p>\n","protected":false},"excerpt":{"rendered":"<p>DIGIWELL | PODM\u00cdNKY POU\u017d\u00cdV\u00c1N\u00cd E-LEARNINGOV\u00c9 PLATFORMY \u00a0 \u00davod Pou\u017e\u00edv\u00e1n\u00ed e-learningov\u00e9 platformy DIGIWELL, v\u010detn\u011b proch\u00e1zen\u00ed webu, jej\u00edch slu\u017eeb ukl\u00e1d\u00e1n\u00ed do vyrovn\u00e1vac\u00ed pam\u011bti a jak\u00fdchkoli dal\u0161\u00edch slu\u017eeb&hellip;<\/p>\n","protected":false},"author":1,"featured_media":0,"parent":0,"menu_order":0,"comment_status":"closed","ping_status":"closed","template":"","meta":{"_acf_changed":false,"footnotes":""},"class_list":["post-19439","page","type-page","status-publish","hentry"],"acf":[],"yoast_head":"<!-- This site is optimized with the Yoast SEO plugin v24.0 - https:\/\/yoast.com\/wordpress\/plugins\/seo\/ -->\n<title>Podm\u00ednky Pou\u017e\u00edv\u00e1n\u00ed - Digiwell<\/title>\n<meta name=\"robots\" content=\"index, follow, max-snippet:-1, max-image-preview:large, max-video-preview:-1\" \/>\n<link rel=\"canonical\" href=\"https:\/\/platformdigiwell.eu\/cs\/podminky-pouzivani\/\" \/>\n<meta property=\"og:locale\" content=\"cs_CZ\" \/>\n<meta property=\"og:type\" content=\"article\" \/>\n<meta property=\"og:title\" content=\"Podm\u00ednky Pou\u017e\u00edv\u00e1n\u00ed - Digiwell\" \/>\n<meta property=\"og:description\" content=\"DIGIWELL | PODM\u00cdNKY POU\u017d\u00cdV\u00c1N\u00cd E-LEARNINGOV\u00c9 PLATFORMY \u00a0 \u00davod Pou\u017e\u00edv\u00e1n\u00ed e-learningov\u00e9 platformy DIGIWELL, v\u010detn\u011b proch\u00e1zen\u00ed webu, jej\u00edch slu\u017eeb ukl\u00e1d\u00e1n\u00ed do vyrovn\u00e1vac\u00ed pam\u011bti a jak\u00fdchkoli dal\u0161\u00edch slu\u017eeb&hellip;\" \/>\n<meta property=\"og:url\" content=\"https:\/\/platformdigiwell.eu\/cs\/podminky-pouzivani\/\" \/>\n<meta property=\"og:site_name\" content=\"Digiwell\" \/>\n<meta name=\"twitter:card\" content=\"summary_large_image\" \/>\n<meta name=\"twitter:label1\" content=\"Odhadovan\u00e1 doba \u010dten\u00ed\" \/>\n\t<meta name=\"twitter:data1\" content=\"5 minut\" \/>\n<script type=\"application\/ld+json\" class=\"yoast-schema-graph\">{\"@context\":\"https:\/\/schema.org\",\"@graph\":[{\"@type\":\"WebPage\",\"@id\":\"https:\/\/platformdigiwell.eu\/cs\/podminky-pouzivani\/\",\"url\":\"https:\/\/platformdigiwell.eu\/cs\/podminky-pouzivani\/\",\"name\":\"Podm\u00ednky Pou\u017e\u00edv\u00e1n\u00ed - Digiwell\",\"isPartOf\":{\"@id\":\"https:\/\/platformdigiwell.eu\/#website\"},\"datePublished\":\"2024-11-19T10:48:32+00:00\",\"dateModified\":\"2024-11-19T10:48:32+00:00\",\"breadcrumb\":{\"@id\":\"https:\/\/platformdigiwell.eu\/cs\/podminky-pouzivani\/#breadcrumb\"},\"inLanguage\":\"cs\",\"potentialAction\":[{\"@type\":\"ReadAction\",\"target\":[\"https:\/\/platformdigiwell.eu\/cs\/podminky-pouzivani\/\"]}]},{\"@type\":\"BreadcrumbList\",\"@id\":\"https:\/\/platformdigiwell.eu\/cs\/podminky-pouzivani\/#breadcrumb\",\"itemListElement\":[{\"@type\":\"ListItem\",\"position\":1,\"name\":\"Home\",\"item\":\"https:\/\/platformdigiwell.eu\/cs\/\"},{\"@type\":\"ListItem\",\"position\":2,\"name\":\"Podm\u00ednky Pou\u017e\u00edv\u00e1n\u00ed\"}]},{\"@type\":\"WebSite\",\"@id\":\"https:\/\/platformdigiwell.eu\/#website\",\"url\":\"https:\/\/platformdigiwell.eu\/\",\"name\":\"Digiwell\",\"description\":\"\",\"publisher\":{\"@id\":\"https:\/\/platformdigiwell.eu\/#organization\"},\"potentialAction\":[{\"@type\":\"SearchAction\",\"target\":{\"@type\":\"EntryPoint\",\"urlTemplate\":\"https:\/\/platformdigiwell.eu\/?s={search_term_string}\"},\"query-input\":{\"@type\":\"PropertyValueSpecification\",\"valueRequired\":true,\"valueName\":\"search_term_string\"}}],\"inLanguage\":\"cs\"},{\"@type\":\"Organization\",\"@id\":\"https:\/\/platformdigiwell.eu\/#organization\",\"name\":\"Envision\",\"url\":\"https:\/\/platformdigiwell.eu\/\",\"logo\":{\"@type\":\"ImageObject\",\"inLanguage\":\"cs\",\"@id\":\"https:\/\/platformdigiwell.eu\/#\/schema\/logo\/image\/\",\"url\":\"https:\/\/products.pixelenv.com\/cp\/envision\/wp-content\/uploads\/2021\/12\/LOGO-Envision-transparent.png\",\"contentUrl\":\"https:\/\/products.pixelenv.com\/cp\/envision\/wp-content\/uploads\/2021\/12\/LOGO-Envision-transparent.png\",\"width\":1600,\"height\":900,\"caption\":\"Envision\"},\"image\":{\"@id\":\"https:\/\/platformdigiwell.eu\/#\/schema\/logo\/image\/\"}}]}<\/script>\n<!-- \/ Yoast SEO plugin. -->","yoast_head_json":{"title":"Podm\u00ednky Pou\u017e\u00edv\u00e1n\u00ed - Digiwell","robots":{"index":"index","follow":"follow","max-snippet":"max-snippet:-1","max-image-preview":"max-image-preview:large","max-video-preview":"max-video-preview:-1"},"canonical":"https:\/\/platformdigiwell.eu\/cs\/podminky-pouzivani\/","og_locale":"cs_CZ","og_type":"article","og_title":"Podm\u00ednky Pou\u017e\u00edv\u00e1n\u00ed - Digiwell","og_description":"DIGIWELL | PODM\u00cdNKY POU\u017d\u00cdV\u00c1N\u00cd E-LEARNINGOV\u00c9 PLATFORMY \u00a0 \u00davod Pou\u017e\u00edv\u00e1n\u00ed e-learningov\u00e9 platformy DIGIWELL, v\u010detn\u011b proch\u00e1zen\u00ed webu, jej\u00edch slu\u017eeb ukl\u00e1d\u00e1n\u00ed do vyrovn\u00e1vac\u00ed pam\u011bti a jak\u00fdchkoli dal\u0161\u00edch slu\u017eeb&hellip;","og_url":"https:\/\/platformdigiwell.eu\/cs\/podminky-pouzivani\/","og_site_name":"Digiwell","twitter_card":"summary_large_image","twitter_misc":{"Odhadovan\u00e1 doba \u010dten\u00ed":"5 minut"},"schema":{"@context":"https:\/\/schema.org","@graph":[{"@type":"WebPage","@id":"https:\/\/platformdigiwell.eu\/cs\/podminky-pouzivani\/","url":"https:\/\/platformdigiwell.eu\/cs\/podminky-pouzivani\/","name":"Podm\u00ednky Pou\u017e\u00edv\u00e1n\u00ed - Digiwell","isPartOf":{"@id":"https:\/\/platformdigiwell.eu\/#website"},"datePublished":"2024-11-19T10:48:32+00:00","dateModified":"2024-11-19T10:48:32+00:00","breadcrumb":{"@id":"https:\/\/platformdigiwell.eu\/cs\/podminky-pouzivani\/#breadcrumb"},"inLanguage":"cs","potentialAction":[{"@type":"ReadAction","target":["https:\/\/platformdigiwell.eu\/cs\/podminky-pouzivani\/"]}]},{"@type":"BreadcrumbList","@id":"https:\/\/platformdigiwell.eu\/cs\/podminky-pouzivani\/#breadcrumb","itemListElement":[{"@type":"ListItem","position":1,"name":"Home","item":"https:\/\/platformdigiwell.eu\/cs\/"},{"@type":"ListItem","position":2,"name":"Podm\u00ednky Pou\u017e\u00edv\u00e1n\u00ed"}]},{"@type":"WebSite","@id":"https:\/\/platformdigiwell.eu\/#website","url":"https:\/\/platformdigiwell.eu\/","name":"Digiwell","description":"","publisher":{"@id":"https:\/\/platformdigiwell.eu\/#organization"},"potentialAction":[{"@type":"SearchAction","target":{"@type":"EntryPoint","urlTemplate":"https:\/\/platformdigiwell.eu\/?s={search_term_string}"},"query-input":{"@type":"PropertyValueSpecification","valueRequired":true,"valueName":"search_term_string"}}],"inLanguage":"cs"},{"@type":"Organization","@id":"https:\/\/platformdigiwell.eu\/#organization","name":"Envision","url":"https:\/\/platformdigiwell.eu\/","logo":{"@type":"ImageObject","inLanguage":"cs","@id":"https:\/\/platformdigiwell.eu\/#\/schema\/logo\/image\/","url":"https:\/\/products.pixelenv.com\/cp\/envision\/wp-content\/uploads\/2021\/12\/LOGO-Envision-transparent.png","contentUrl":"https:\/\/products.pixelenv.com\/cp\/envision\/wp-content\/uploads\/2021\/12\/LOGO-Envision-transparent.png","width":1600,"height":900,"caption":"Envision"},"image":{"@id":"https:\/\/platformdigiwell.eu\/#\/schema\/logo\/image\/"}}]}},"_links":{"self":[{"href":"https:\/\/platformdigiwell.eu\/cs\/wp-json\/wp\/v2\/pages\/19439","targetHints":{"allow":["GET"]}}],"collection":[{"href":"https:\/\/platformdigiwell.eu\/cs\/wp-json\/wp\/v2\/pages"}],"about":[{"href":"https:\/\/platformdigiwell.eu\/cs\/wp-json\/wp\/v2\/types\/page"}],"author":[{"embeddable":true,"href":"https:\/\/platformdigiwell.eu\/cs\/wp-json\/wp\/v2\/users\/1"}],"replies":[{"embeddable":true,"href":"https:\/\/platformdigiwell.eu\/cs\/wp-json\/wp\/v2\/comments?post=19439"}],"version-history":[{"count":1,"href":"https:\/\/platformdigiwell.eu\/cs\/wp-json\/wp\/v2\/pages\/19439\/revisions"}],"predecessor-version":[{"id":19440,"href":"https:\/\/platformdigiwell.eu\/cs\/wp-json\/wp\/v2\/pages\/19439\/revisions\/19440"}],"wp:attachment":[{"href":"https:\/\/platformdigiwell.eu\/cs\/wp-json\/wp\/v2\/media?parent=19439"}],"curies":[{"name":"wp","href":"https:\/\/api.w.org\/{rel}","templated":true}]}}