{"id":19441,"date":"2024-11-19T12:49:03","date_gmt":"2024-11-19T10:49:03","guid":{"rendered":"https:\/\/platformdigiwell.eu\/?page_id=19441"},"modified":"2024-11-19T12:49:03","modified_gmt":"2024-11-19T10:49:03","slug":"nutzungsbedingungen","status":"publish","type":"page","link":"https:\/\/platformdigiwell.eu\/de\/nutzungsbedingungen\/","title":{"rendered":"Nutzungsbedingungen"},"content":{"rendered":"<p><strong>Nutzung der E-Learning-Plattform DIGIWELL<\/strong><\/p>\n<p>&nbsp;<\/p>\n<p>Diese Nutzungsbedingungen gelten f\u00fcr die Benutzer der E-Learning-Plattform DIGIWELL. Bitte lesen Sie sie sorgf\u00e4ltig durch, denn durch die Nutzung dieser Website erkl\u00e4ren Sie sich mit den Nutzungsbedingungen einverstanden und verpflichten sich, diese einzuhalten. Wenn Sie mit diesen Nutzungsbedingungen nicht einverstanden sind, sind Sie nicht berechtigt, die DIGIWELL-E-Learning-Plattform zu nutzen.<\/p>\n<p>&nbsp;<\/p>\n<p>Diese Nutzungsbedingungen gelten nur f\u00fcr die DIGIWELL-E-Learning-Plattform und nicht f\u00fcr die Websites anderer Institutionen, Unternehmen oder Universit\u00e4ten, die Mitglieder des DIGIWELL-Konsortiums sind.<\/p>\n<p>&nbsp;<\/p>\n<p>Wie oben erw\u00e4hnt, k\u00f6nnen diese Nutzungsbedingungen von Zeit zu Zeit \u00fcberarbeitet werden. Bitte \u00fcberpr\u00fcfen Sie diese Webseite daher bei jedem Besuch der DIGIWELL-E-Learning-Plattform. Wenn Sie die DIGIWELL-E-Learning-Plattform nach der Ver\u00f6ffentlichung der \u00c4nderung weiterhin nutzen, bedeutet dies, dass Sie den neuen Bedingungen zugestimmt haben.<\/p>\n<p>&nbsp;<\/p>\n<p>Das DIGIWELL-Projektkonsortium (im Folgenden als \u201ePartner\u201c bezeichnet) bietet Zugang zu und Nutzung dieser E-Learning-Plattform zu den folgenden Bedingungen:<\/p>\n<p>Sie erkl\u00e4ren sich damit einverstanden, diese Website nur f\u00fcr legale Zwecke und in einer Weise zu nutzen, die die Nutzung und den Genuss durch andere nicht verletzt, einschr\u00e4nkt oder verbietet. Bel\u00e4stigungen oder das Verursachen von Kummer oder Unbehagen bei anderen, die \u00dcbertragung obsz\u00f6ner oder beleidigender Inhalte oder die St\u00f6rung des regul\u00e4ren Kommunikationsflusses auf dieser Website sind allesamt untersagte Verhaltensweisen.<\/p>\n<p>&nbsp;<\/p>\n<p>Sie d\u00fcrfen die Schwachstelle nicht untersuchen, scannen oder testen und auch nicht die Sicherheits- oder Authentifizierungsma\u00dfnahmen auf der Website oder einem damit verbundenen Netzwerk verletzen.<\/p>\n<p>&nbsp;<\/p>\n<p>Es ist strengstens untersagt, die ordnungsgem\u00e4\u00dfe Funktion der Website oder die Nutzung der Website durch eine andere Person durch die Verwendung eines automatischen oder manuellen Ger\u00e4ts, Programms, Algorithmus oder einer Methode zu beeintr\u00e4chtigen.<\/p>\n<p>&nbsp;<\/p>\n<p>Bitte beachten Sie, dass die vorliegenden Nutzungsbedingungen auch Folgendes umfassen:<\/p>\n<p>&nbsp;<\/p>\n<ul>\n<li>Die \u201eDatenschutz- und Sicherheitsrichtlinie der E-Learning-Plattform von DIGIWELL\u201c, die auch f\u00fcr die Nutzung der E-Learning-Plattform gilt.<\/li>\n<\/ul>\n<p>Geistiges Eigentum<\/p>\n<p>&nbsp;<\/p>\n<p>Das DIGIWELL-Konsortium ist Inhaber aller Urheberrechte, Marken, Designrechte, Patente und sonstigen (eingetragenen und nicht eingetragenen) Rechte an geistigem Eigentum sowie aller Inhalte auf dieser E-Learning-Plattform. Die Benutzer m\u00fcssen alle Urheberrechtshinweise und -beschr\u00e4nkungen auf der E-Learning-Plattform von DIGIWELL beachten.<\/p>\n<p>&nbsp;<\/p>\n<p>Sofern nicht ausdr\u00fccklich anders angegeben, ist es strengstens untersagt, DIGIWELL-Schulungsmaterial (Teile, Dateien, Inhalte oder Informationen) zu kopieren, zu reproduzieren, erneut zu ver\u00f6ffentlichen, zu zerlegen, zu dekompilieren, herunterzuladen, zu posten, zu senden, zu \u00fcbertragen oder der \u00d6ffentlichkeit zug\u00e4nglich zu machen.<\/p>\n<p>Sie d\u00fcrfen nur eine maschinenlesbare Kopie der speziell bereitgestellten Website-Materialien unter den folgenden Bedingungen herunterladen:<\/p>\n<p>&nbsp;<\/p>\n<ul>\n<li>Nur f\u00fcr den pers\u00f6nlichen, nicht-kommerziellen Gebrauch<\/li>\n<li>Nur, wenn Sie keine \u00c4nderungen am Text vornehmen oder Markenzeichen, Urheberrechtshinweise oder andere auf den Website-Materialien angezeigte Hinweise entfernen.<\/li>\n<\/ul>\n<p>&nbsp;<\/p>\n<p><strong>Richtigkeit von Inhalten und Informationen<\/strong><\/p>\n<p><strong>\u00a0<\/strong><\/p>\n<p>Der Inhalt des DIGIWELL-Schulungsmaterials wurde nach bestem Wissen und Gewissen sorgf\u00e4ltig gepr\u00fcft. Alle Gew\u00e4hrleistungen, Bedingungen und Bestimmungen hinsichtlich zufriedenstellender Qualit\u00e4t und Eignung f\u00fcr einen bestimmten Zweck sind jedoch im gesetzlich zul\u00e4ssigen Umfang ausgeschlossen.<\/p>\n<p>&nbsp;<\/p>\n<p>Insbesondere haften die DIGIWELL-Partner nicht f\u00fcr direkte, indirekte, Folgesch\u00e4den oder sonstige Sch\u00e4den, die einem Schulungsteilnehmer oder Dritten durch die Nutzung der Inhalte der DIGIWELL-E-Learning-Plattform und\/oder der Schulungsprogramme entstehen.<\/p>\n<p>&nbsp;<\/p>\n<p>Das DIGIWELL-Schulungsmaterial kann von ENVISION-Partnern jederzeit innerhalb des DIGIWELL-Schulungsprogramms aktualisiert werden, um Wissensaktualisierungen und p\u00e4dagogische Verbesserungen widerzuspiegeln oder eventuell festgestellte Fehler zu korrigieren.<\/p>\n<p>&nbsp;<\/p>\n<p>Diese Nutzungsbedingungen gelten nur f\u00fcr die DIGIWELL-E-Learning-Plattform und nicht f\u00fcr andere Websites. Wenn wir auf andere Websites verlinken, versuchen wir, so deutlich wie m\u00f6glich zu machen, dass Sie diese Website verlassen. Falls die Benutzer der DIGIWELL-Plattform \u00fcber spezielle Links (Links, Hyperlinks, Banner usw.) auf Websites Dritter weitergeleitet werden, sind wir nicht f\u00fcr die Bedingungen f\u00fcr die Verwaltung und den Schutz personenbezogener Daten verantwortlich, die auf diesen Websites gelten, und wir empfehlen Ihnen, die Datenschutzrichtlinien jeder Website, die Sie besuchen, zu lesen.<\/p>\n<p>&nbsp;<\/p>\n<p><strong>Haftung<\/strong><\/p>\n<p><strong>\u00a0<\/strong><\/p>\n<p><strong>Einhaltung von Vorschriften und Sicherheit der Dienste<\/strong><\/p>\n<p><strong>\u00a0<\/strong><\/p>\n<p>Obwohl wir uns nach Kr\u00e4ften bem\u00fchen, die bestm\u00f6gliche Website zu entwerfen, zu programmieren und bereitzustellen, k\u00f6nnen wir nicht garantieren, dass diese Website oder Inhalte, Dienste oder Funktionen dieser Website fehlerfrei oder unterbrechungsfrei sind oder mit allen Hard- und Softwarekomponenten kompatibel sind oder dass Ihre Nutzung der Website zu den gew\u00fcnschten Ergebnissen f\u00fchrt. Diese Website und ihre Inhalte werden \u201ewie besehen\u201c und \u201ewie verf\u00fcgbar\u201c bereitgestellt.<\/p>\n<p>&nbsp;<\/p>\n<p>F\u00fcr die E-Learning-Plattform DIGIWELL sind minimale IT-Kenntnisse und -Ausstattung erforderlich:<\/p>\n<ul>\n<li>Breitband-Internetzugang<\/li>\n<li>Ein moderner Webbrowser, der den aktuellen Webstandards entspricht und Funktionen wie Sitzungscookies (Plattformauthentifizierung), JavaScript (Plattform-Tool-Funktionen, Interaktivit\u00e4t, visuelle Effekte usw.), Adobe Reader\u00ae-Plugin (PDF-Dokumentenansicht) usw. aktiviert.<\/li>\n<li>Eine auf Ihrem Computer ordnungsgem\u00e4\u00df installierte und konfigurierte Office-Software-Suite zur Verarbeitung von Standardtext-, Tabellenkalkulations- oder Pr\u00e4sentationsdateien.<\/li>\n<\/ul>\n<p>&nbsp;<\/p>\n<p><strong>WICHTIG:<\/strong> Die Nichteinhaltung eines der oben genannten Kriterien kann zu Problemen bei der Benutzererfahrung f\u00fchren, die nicht in der Verantwortung von DIGIWELL liegen.<\/p>\n<p>Obwohl wir sehr hart daran arbeiten, die sicherste Website zu entwickeln, k\u00f6nnen wir nicht garantieren, dass Dateien oder Daten, die Sie von der Website herunterladen, frei von Viren oder zerst\u00f6rerischen Funktionen sind. Sie sind daf\u00fcr verantwortlich, geeignete Ma\u00dfnahmen zu ergreifen, um sicherzustellen, dass Sie bei der Nutzung dieser Website auf jedem Ger\u00e4t regelm\u00e4\u00dfig auf Viren pr\u00fcfen.<\/p>\n<p>&nbsp;<\/p>\n<p><strong>Webkonten<\/strong><\/p>\n<p>Sie sind allein daf\u00fcr verantwortlich, Ihre Kontodaten (einschlie\u00dflich Benutzername und Passwort) vertraulich zu behandeln.<\/p>\n<p>Insbesondere sollten Sie:<\/p>\n<p>&nbsp;<\/p>\n<p>Ihr Passwort aus mindestens 6 Zeichen bestehen lassen und dabei Klein- und Gro\u00dfbuchstaben sowie Zahlen mischen sich immer von der Webplattform abmelden, wenn Sie Ihren Computer verlassen<\/p>\n<p>&nbsp;<\/p>\n<p>Ihre Anmeldedaten niemals unverschl\u00fcsselt weitergeben<\/p>\n<p>&nbsp;<\/p>\n<p>Durch die Nutzung der E-Learning-Plattform DIGIWELL:<\/p>\n<p>Sie best\u00e4tigen und erkl\u00e4ren sich damit einverstanden, jede unbefugte Nutzung Ihres Kontos unverz\u00fcglich zu melden<\/p>\n<p>&nbsp;<\/p>\n<p>Sie erkl\u00e4ren sich damit einverstanden, das DIGIWELL-E-Learning-Plattform-Konto einer anderen Person nicht ohne die ausdr\u00fcckliche Genehmigung und Zustimmung des Inhabers dieses Kontos zu verwenden<\/p>\n<p>&nbsp;<\/p>\n<p>Sie erkennen an, dass das DIGIWELL-Konsortium nicht f\u00fcr Verluste oder Sch\u00e4den haftbar gemacht werden kann und wird, die sich aus der Nichteinhaltung dieser Verpflichtungen durch Sie ergeben.<\/p>\n<p>&nbsp;<\/p>\n<p><strong>Allgemeine Haftungsbedingungen<\/strong><\/p>\n<p>Wir schlie\u00dfen, soweit gesetzlich zul\u00e4ssig, jegliche Haftung f\u00fcr Verluste oder Sch\u00e4den (direkte, indirekte oder Folgesch\u00e4den) im Zusammenhang mit diesen Bedingungen oder mit Ihrer (oder der Nutzung oder Unf\u00e4higkeit zur Nutzung der E-Learning-Plattform durch Dritte) oder mit Ihrer Platzierung von Inhalten auf der E-Learning-Plattform oder mit Ihrem Vertrauen auf Informationen, die Sie von oder \u00fcber die E-Learning-Plattform erhalten haben, aus.<\/p>\n<p>&nbsp;<\/p>\n<p>Sie erkl\u00e4ren sich damit einverstanden, uns, unsere Direktoren, Mitarbeiter und Vertreter von jeglichen Anspr\u00fcchen, Verbindlichkeiten, Sch\u00e4den, Verlusten oder Kosten, einschlie\u00dflich angemessener Rechtskosten, die sich aus einer Verletzung dieser Nutzungsbedingungen durch Sie ergeben oder in irgendeiner Weise damit zusammenh\u00e4ngen, freizustellen, zu entsch\u00e4digen und schadlos zu halten.<\/p>\n","protected":false},"excerpt":{"rendered":"<p>Nutzung der E-Learning-Plattform DIGIWELL &nbsp; Diese Nutzungsbedingungen gelten f\u00fcr die Benutzer der E-Learning-Plattform DIGIWELL. Bitte lesen Sie sie sorgf\u00e4ltig durch, denn durch die Nutzung dieser&hellip;<\/p>\n","protected":false},"author":1,"featured_media":0,"parent":0,"menu_order":0,"comment_status":"closed","ping_status":"closed","template":"","meta":{"_acf_changed":false,"footnotes":""},"class_list":["post-19441","page","type-page","status-publish","hentry"],"acf":[],"yoast_head":"<!-- This site is optimized with the Yoast SEO plugin v24.0 - https:\/\/yoast.com\/wordpress\/plugins\/seo\/ -->\n<title>Nutzungsbedingungen - Digiwell<\/title>\n<meta name=\"robots\" content=\"index, follow, max-snippet:-1, max-image-preview:large, max-video-preview:-1\" \/>\n<link rel=\"canonical\" href=\"https:\/\/platformdigiwell.eu\/de\/nutzungsbedingungen\/\" \/>\n<meta property=\"og:locale\" content=\"de_DE\" \/>\n<meta property=\"og:type\" content=\"article\" \/>\n<meta property=\"og:title\" content=\"Nutzungsbedingungen - Digiwell\" \/>\n<meta property=\"og:description\" content=\"Nutzung der E-Learning-Plattform DIGIWELL &nbsp; Diese Nutzungsbedingungen gelten f\u00fcr die Benutzer der E-Learning-Plattform DIGIWELL. Bitte lesen Sie sie sorgf\u00e4ltig durch, denn durch die Nutzung dieser&hellip;\" \/>\n<meta property=\"og:url\" content=\"https:\/\/platformdigiwell.eu\/de\/nutzungsbedingungen\/\" \/>\n<meta property=\"og:site_name\" content=\"Digiwell\" \/>\n<meta name=\"twitter:card\" content=\"summary_large_image\" \/>\n<meta name=\"twitter:label1\" content=\"Gesch\u00e4tzte Lesezeit\" \/>\n\t<meta name=\"twitter:data1\" content=\"5\u00a0Minuten\" \/>\n<script type=\"application\/ld+json\" class=\"yoast-schema-graph\">{\"@context\":\"https:\/\/schema.org\",\"@graph\":[{\"@type\":\"WebPage\",\"@id\":\"https:\/\/platformdigiwell.eu\/de\/nutzungsbedingungen\/\",\"url\":\"https:\/\/platformdigiwell.eu\/de\/nutzungsbedingungen\/\",\"name\":\"Nutzungsbedingungen - Digiwell\",\"isPartOf\":{\"@id\":\"https:\/\/platformdigiwell.eu\/#website\"},\"datePublished\":\"2024-11-19T10:49:03+00:00\",\"dateModified\":\"2024-11-19T10:49:03+00:00\",\"breadcrumb\":{\"@id\":\"https:\/\/platformdigiwell.eu\/de\/nutzungsbedingungen\/#breadcrumb\"},\"inLanguage\":\"de\",\"potentialAction\":[{\"@type\":\"ReadAction\",\"target\":[\"https:\/\/platformdigiwell.eu\/de\/nutzungsbedingungen\/\"]}]},{\"@type\":\"BreadcrumbList\",\"@id\":\"https:\/\/platformdigiwell.eu\/de\/nutzungsbedingungen\/#breadcrumb\",\"itemListElement\":[{\"@type\":\"ListItem\",\"position\":1,\"name\":\"Home\",\"item\":\"https:\/\/platformdigiwell.eu\/de\/\"},{\"@type\":\"ListItem\",\"position\":2,\"name\":\"Nutzungsbedingungen\"}]},{\"@type\":\"WebSite\",\"@id\":\"https:\/\/platformdigiwell.eu\/#website\",\"url\":\"https:\/\/platformdigiwell.eu\/\",\"name\":\"Digiwell\",\"description\":\"\",\"publisher\":{\"@id\":\"https:\/\/platformdigiwell.eu\/#organization\"},\"potentialAction\":[{\"@type\":\"SearchAction\",\"target\":{\"@type\":\"EntryPoint\",\"urlTemplate\":\"https:\/\/platformdigiwell.eu\/?s={search_term_string}\"},\"query-input\":{\"@type\":\"PropertyValueSpecification\",\"valueRequired\":true,\"valueName\":\"search_term_string\"}}],\"inLanguage\":\"de\"},{\"@type\":\"Organization\",\"@id\":\"https:\/\/platformdigiwell.eu\/#organization\",\"name\":\"Envision\",\"url\":\"https:\/\/platformdigiwell.eu\/\",\"logo\":{\"@type\":\"ImageObject\",\"inLanguage\":\"de\",\"@id\":\"https:\/\/platformdigiwell.eu\/#\/schema\/logo\/image\/\",\"url\":\"https:\/\/products.pixelenv.com\/cp\/envision\/wp-content\/uploads\/2021\/12\/LOGO-Envision-transparent.png\",\"contentUrl\":\"https:\/\/products.pixelenv.com\/cp\/envision\/wp-content\/uploads\/2021\/12\/LOGO-Envision-transparent.png\",\"width\":1600,\"height\":900,\"caption\":\"Envision\"},\"image\":{\"@id\":\"https:\/\/platformdigiwell.eu\/#\/schema\/logo\/image\/\"}}]}<\/script>\n<!-- \/ Yoast SEO plugin. -->","yoast_head_json":{"title":"Nutzungsbedingungen - Digiwell","robots":{"index":"index","follow":"follow","max-snippet":"max-snippet:-1","max-image-preview":"max-image-preview:large","max-video-preview":"max-video-preview:-1"},"canonical":"https:\/\/platformdigiwell.eu\/de\/nutzungsbedingungen\/","og_locale":"de_DE","og_type":"article","og_title":"Nutzungsbedingungen - Digiwell","og_description":"Nutzung der E-Learning-Plattform DIGIWELL &nbsp; Diese Nutzungsbedingungen gelten f\u00fcr die Benutzer der E-Learning-Plattform DIGIWELL. Bitte lesen Sie sie sorgf\u00e4ltig durch, denn durch die Nutzung dieser&hellip;","og_url":"https:\/\/platformdigiwell.eu\/de\/nutzungsbedingungen\/","og_site_name":"Digiwell","twitter_card":"summary_large_image","twitter_misc":{"Gesch\u00e4tzte Lesezeit":"5\u00a0Minuten"},"schema":{"@context":"https:\/\/schema.org","@graph":[{"@type":"WebPage","@id":"https:\/\/platformdigiwell.eu\/de\/nutzungsbedingungen\/","url":"https:\/\/platformdigiwell.eu\/de\/nutzungsbedingungen\/","name":"Nutzungsbedingungen - Digiwell","isPartOf":{"@id":"https:\/\/platformdigiwell.eu\/#website"},"datePublished":"2024-11-19T10:49:03+00:00","dateModified":"2024-11-19T10:49:03+00:00","breadcrumb":{"@id":"https:\/\/platformdigiwell.eu\/de\/nutzungsbedingungen\/#breadcrumb"},"inLanguage":"de","potentialAction":[{"@type":"ReadAction","target":["https:\/\/platformdigiwell.eu\/de\/nutzungsbedingungen\/"]}]},{"@type":"BreadcrumbList","@id":"https:\/\/platformdigiwell.eu\/de\/nutzungsbedingungen\/#breadcrumb","itemListElement":[{"@type":"ListItem","position":1,"name":"Home","item":"https:\/\/platformdigiwell.eu\/de\/"},{"@type":"ListItem","position":2,"name":"Nutzungsbedingungen"}]},{"@type":"WebSite","@id":"https:\/\/platformdigiwell.eu\/#website","url":"https:\/\/platformdigiwell.eu\/","name":"Digiwell","description":"","publisher":{"@id":"https:\/\/platformdigiwell.eu\/#organization"},"potentialAction":[{"@type":"SearchAction","target":{"@type":"EntryPoint","urlTemplate":"https:\/\/platformdigiwell.eu\/?s={search_term_string}"},"query-input":{"@type":"PropertyValueSpecification","valueRequired":true,"valueName":"search_term_string"}}],"inLanguage":"de"},{"@type":"Organization","@id":"https:\/\/platformdigiwell.eu\/#organization","name":"Envision","url":"https:\/\/platformdigiwell.eu\/","logo":{"@type":"ImageObject","inLanguage":"de","@id":"https:\/\/platformdigiwell.eu\/#\/schema\/logo\/image\/","url":"https:\/\/products.pixelenv.com\/cp\/envision\/wp-content\/uploads\/2021\/12\/LOGO-Envision-transparent.png","contentUrl":"https:\/\/products.pixelenv.com\/cp\/envision\/wp-content\/uploads\/2021\/12\/LOGO-Envision-transparent.png","width":1600,"height":900,"caption":"Envision"},"image":{"@id":"https:\/\/platformdigiwell.eu\/#\/schema\/logo\/image\/"}}]}},"_links":{"self":[{"href":"https:\/\/platformdigiwell.eu\/de\/wp-json\/wp\/v2\/pages\/19441","targetHints":{"allow":["GET"]}}],"collection":[{"href":"https:\/\/platformdigiwell.eu\/de\/wp-json\/wp\/v2\/pages"}],"about":[{"href":"https:\/\/platformdigiwell.eu\/de\/wp-json\/wp\/v2\/types\/page"}],"author":[{"embeddable":true,"href":"https:\/\/platformdigiwell.eu\/de\/wp-json\/wp\/v2\/users\/1"}],"replies":[{"embeddable":true,"href":"https:\/\/platformdigiwell.eu\/de\/wp-json\/wp\/v2\/comments?post=19441"}],"version-history":[{"count":1,"href":"https:\/\/platformdigiwell.eu\/de\/wp-json\/wp\/v2\/pages\/19441\/revisions"}],"predecessor-version":[{"id":19442,"href":"https:\/\/platformdigiwell.eu\/de\/wp-json\/wp\/v2\/pages\/19441\/revisions\/19442"}],"wp:attachment":[{"href":"https:\/\/platformdigiwell.eu\/de\/wp-json\/wp\/v2\/media?parent=19441"}],"curies":[{"name":"wp","href":"https:\/\/api.w.org\/{rel}","templated":true}]}}