{"id":19448,"date":"2024-11-19T12:54:08","date_gmt":"2024-11-19T10:54:08","guid":{"rendered":"https:\/\/platformdigiwell.eu\/?page_id=19448"},"modified":"2024-11-19T12:54:08","modified_gmt":"2024-11-19T10:54:08","slug":"terminos-de-uso","status":"publish","type":"page","link":"https:\/\/platformdigiwell.eu\/es\/terminos-de-uso\/","title":{"rendered":"T\u00e9rminos de Uso"},"content":{"rendered":"<p>DIGIWELL | CONDICIONES DE USO DE LA PLATAFORMA DE APRENDIZAJE ELECTR\u00d3NICO<\/p>\n<p>&nbsp;<\/p>\n<p>Introducci\u00f3n<\/p>\n<p>El uso de la plataforma de aprendizaje electr\u00f3nico DIGIWELL, incluido el rastreo web, sus servicios de almacenamiento en cach\u00e9 y cualquier otro servicio proporcionado por la plataforma, requiere la aceptaci\u00f3n incondicional de los t\u00e9rminos de uso aqu\u00ed descritos y constituye su aceptaci\u00f3n pr\u00e1ctica. Al acceder o utilizar la plataforma, usted acepta estar sujeto a estos t\u00e9rminos, as\u00ed como a los t\u00e9rminos de la Pol\u00edtica de privacidad y seguridad. Se ruega a los usuarios que revisen estos t\u00e9rminos a intervalos regulares para comprobar si se han producido cambios, ya que el uso continuado de la plataforma implica la aceptaci\u00f3n de cualquier posible modificaci\u00f3n de los mismos.<\/p>\n<p>Uso de la plataforma de aprendizaje electr\u00f3nico DIGIWELL<\/p>\n<p>Estas condiciones de uso se aplican a los usuarios de la plataforma de aprendizaje electr\u00f3nico DIGIWELL. L\u00e9alas atentamente, ya que al utilizar este sitio web, usted acepta estar legalmente obligado a cumplir con sus t\u00e9rminos. Si no est\u00e1 de acuerdo con estas condiciones de uso, no est\u00e1 autorizado a utilizar la plataforma de aprendizaje electr\u00f3nico DIGIWELL.<\/p>\n<p>Estos t\u00e9rminos de uso se aplican \u00fanicamente a la plataforma de aprendizaje electr\u00f3nico DIGIWELL y no a los sitios web de otras instituciones, empresas o universidades miembros del Consorcio DIGIWELL.<\/p>\n<p>Como se mencion\u00f3 anteriormente, estos t\u00e9rminos de uso pueden ser revisados de vez en cuando, por lo que le recomendamos que consulte esta p\u00e1gina web cada vez que visite la plataforma de aprendizaje electr\u00f3nico de DIGIWELL. Si contin\u00faa utilizando la plataforma de aprendizaje electr\u00f3nico de DIGIWELL despu\u00e9s de que publiquemos el cambio, significa que ha aceptado los nuevos t\u00e9rminos.<\/p>\n<p>El Consorcio del Proyecto DIGIWELL (en adelante denominado los &#8216;Socios&#8217;) proporciona acceso y uso de esta plataforma de aprendizaje electr\u00f3nico en los siguientes t\u00e9rminos:<\/p>\n<ul>\n<li>Usted acepta utilizar este sitio web \u00fanicamente con fines legales y de una manera que no infrinja, limite o proh\u00edba el uso y disfrute de este sitio por parte de terceros. Acosar o causar angustia o incomodidad a otros usuarios, transmitir contenido obsceno u ofensivo o interrumpir el flujo normal de comunicaci\u00f3n en este sitio web son conductas prohibidas.<\/li>\n<li>No puede sondear, escanear ni probar la vulnerabilidad, ni violar las medidas de seguridad o autenticaci\u00f3n en el sitio web o cualquier red conectada a \u00e9l.<\/li>\n<li>Est\u00e1 estrictamente prohibido interferir con el correcto funcionamiento del sitio web, o el uso del sitio web por parte de cualquier otra persona mediante el uso de cualquier dispositivo, programa, algoritmo o metodolog\u00eda autom\u00e1tica o manual.<\/li>\n<\/ul>\n<p>Tenga en cuenta que las presentes Condiciones de Uso tambi\u00e9n incluyen:<\/p>\n<ul>\n<li>La &#8216;Pol\u00edtica de privacidad y seguridad de la plataforma de aprendizaje electr\u00f3nico DIGIWELL&#8217; que tambi\u00e9n se aplica al uso de la plataforma de aprendizaje electr\u00f3nico.<\/li>\n<\/ul>\n<p>Propiedad intelectual<\/p>\n<p>El Consorcio DIGIWELL posee todos los derechos de autor, marcas comerciales, derechos de dise\u00f1o, patentes y otros derechos de propiedad intelectual (registrados y no registrados), as\u00ed como todo el contenido de esta plataforma de aprendizaje electr\u00f3nico. Los usuarios deben respetar todos los avisos y restricciones de derechos de autor que se incluyen en la plataforma de aprendizaje electr\u00f3nico DIGIWELL.<\/p>\n<p>A menos que se indique espec\u00edficamente lo contrario, est\u00e1 estrictamente prohibido copiar, reproducir, republicar, desensamblar, descompilar, descargar, publicar, transmitir o poner a disposici\u00f3n del p\u00fablico cualquier material de capacitaci\u00f3n de DIGIWELL (porci\u00f3n, archivo, contenido o informaci\u00f3n).<\/p>\n<p>Solo puede descargar una copia legible por m\u00e1quina de los materiales del sitio web proporcionados espec\u00edficamente para tal fin, de acuerdo con los siguientes t\u00e9rminos:<\/p>\n<ul>\n<li>S\u00f3lo para uso personal, no comercial.<\/li>\n<\/ul>\n<ul>\n<li>S\u00f3lo si no realiza ning\u00fan cambio en el texto ni elimina ninguna marca comercial, derecho de autor o cualquier otro aviso que se muestre en los materiales del sitio web.<\/li>\n<\/ul>\n<p>Exactitud del contenido y de la informaci\u00f3n<\/p>\n<p>El contenido del material de formaci\u00f3n de DIGIWELL ha sido revisado cuidadosamente seg\u00fan nuestro leal saber y entender. Sin embargo, se excluyen todas las garant\u00edas, t\u00e9rminos y condiciones de calidad satisfactoria e idoneidad para el fin previsto en la legislaci\u00f3n vigente.<\/p>\n<p>En particular, los socios de DIGIWELL no ser\u00e1n responsables de ning\u00fan da\u00f1o directo, indirecto, consecuente o de otro tipo sufrido por un aprendiz o cualquier tercero como resultado del uso del contenido de la plataforma de aprendizaje electr\u00f3nico de DIGIWELL y\/o los programas de capacitaci\u00f3n.<\/p>\n<p>El material de capacitaci\u00f3n de DIGIWELL puede actualizarse seg\u00fan lo requieran los socios de DIGIWELL en cualquier momento dentro del programa de capacitaci\u00f3n de DIGIWELL para reflejar la actualizaci\u00f3n de conocimientos, la mejora educativa o corregir cualquier error que pueda haberse detectado.<\/p>\n<p>Estos t\u00e9rminos de uso se aplican \u00fanicamente a la plataforma de aprendizaje electr\u00f3nico DIGIWELL, y no a otros sitios web. Cuando enlazamos a otros sitios web intentaremos que quede lo m\u00e1s claro posible que est\u00e1s abandonando este sitio web. En caso de que los usuarios de la plataforma DIGIWELL sean redirigidos a sitios web de terceros a trav\u00e9s de enlaces especiales (links, hiperv\u00ednculos, banners, etc.) no nos hacemos responsables de los t\u00e9rminos de gesti\u00f3n y protecci\u00f3n de datos personales que sigan estos sitios web y te recomendamos que leas la pol\u00edtica de privacidad de cada sitio que est\u00e9s visitando.<\/p>\n<p>Responsabilidad<\/p>\n<p>&nbsp;<\/p>\n<p>Cumplimiento y seguridad del servicio<\/p>\n<p>Aunque hacemos todo lo posible para dise\u00f1ar, programar y proporcionar el mejor sitio web posible, no podemos garantizar que este sitio web, o cualquier contenido, servicio o caracter\u00edstica de este sitio web, est\u00e9 libre de errores, sea ininterrumpido o compatible con todo el hardware y software, o que su uso del sitio web conduzca a los resultados deseados. Este sitio web y sus contenidos se proporcionan &#8220;tal como est\u00e1n&#8221; y &#8220;seg\u00fan disponibilidad&#8221;.<\/p>\n<p>Se requieren conocimientos y equipos inform\u00e1ticos m\u00ednimos para la plataforma de aprendizaje electr\u00f3nico DIGIWELL:<\/p>\n<ul>\n<li>Acceso a Internet de banda ancha<\/li>\n<li>Un navegador web moderno que cumpla con los est\u00e1ndares web actuales y active caracter\u00edsticas como cookies de sesi\u00f3n (autenticaci\u00f3n de plataforma), JavaScript (caracter\u00edsticas de herramientas de plataforma, interactividad, efectos visuales, etc.), complemento Adobe Reader\u00ae (visualizaci\u00f3n de documentos PDF), etc.<\/li>\n<li>Una suite de software de oficina correctamente instalada y configurada en su computadora para procesar archivos de texto, hojas de c\u00e1lculo o presentaciones est\u00e1ndar.<\/li>\n<\/ul>\n<p>IMPORTANTE: El incumplimiento de cualquiera de los criterios anteriores podr\u00eda generar problemas de experiencia del usuario que no ser\u00edan responsabilidad de DIGIWELL.<\/p>\n<p>Por \u00faltimo, aunque trabajamos arduamente para desarrollar el sitio web m\u00e1s seguro posible, no podemos garantizar que los archivos o datos que descargue del sitio est\u00e9n libres de virus o caracter\u00edsticas destructivas. Usted es responsable de tomar las medidas adecuadas para asegurarse de verificar peri\u00f3dicamente si hay virus al usar este sitio web en cualquier dispositivo.<\/p>\n<p>Cuentas web<\/p>\n<p>Usted es completamente responsable de mantener la confidencialidad de la informaci\u00f3n de su cuenta (incluido el nombre de usuario y la contrase\u00f1a).<\/p>\n<p>En particular, usted deber\u00eda:<\/p>\n<ul>\n<li>Utilice un m\u00ednimo de 6 caracteres en su contrase\u00f1a, mezclando letras min\u00fasculas, may\u00fasculas y cifras.<\/li>\n<li>Descon\u00e9ctese siempre de la plataforma web al dejar su computadora<\/li>\n<li>Nunca compartas tus credenciales sin cifrarlas<\/li>\n<\/ul>\n<p>Al utilizar la plataforma de aprendizaje electr\u00f3nico DIGIWELL:<\/p>\n<ul>\n<li>Usted reconoce y acepta notificar inmediatamente cualquier uso no autorizado de su cuenta.<\/li>\n<li>Usted acepta no utilizar la cuenta de la plataforma de aprendizaje electr\u00f3nico DIGIWELL de ninguna otra persona sin el permiso y consentimiento expreso del titular de esa cuenta.<\/li>\n<li>Usted reconoce que el Consorcio DIGIWELL no puede y no ser\u00e1 responsable de ninguna p\u00e9rdida o da\u00f1o que surja de su incumplimiento de estas obligaciones.<\/li>\n<\/ul>\n<p>Condiciones generales de responsabilidad<\/p>\n<p>Excluimos, en la m\u00e1xima medida permitida por la ley, toda responsabilidad por cualquier p\u00e9rdida o da\u00f1o (directo, indirecto o consecuente) relacionado con estos t\u00e9rminos, o con su uso (o el de un tercero) o la imposibilidad de usar la plataforma de aprendizaje electr\u00f3nico, o con su ubicaci\u00f3n de contenido en la plataforma de aprendizaje electr\u00f3nico, o con su confianza en la informaci\u00f3n obtenida de o a trav\u00e9s de la plataforma de aprendizaje electr\u00f3nico.<\/p>\n<p>Usted acepta defender, indemnizar y eximirnos a nosotros, nuestros directores, empleados y agentes, de toda responsabilidad por cualquier reclamo, responsabilidad, da\u00f1o, p\u00e9rdida o gasto, incluidos los costos legales razonables, que surjan de o est\u00e9n de alguna manera relacionados con cualquier incumplimiento de estos t\u00e9rminos de uso por su parte.<\/p>\n<p>&nbsp;<\/p>\n","protected":false},"excerpt":{"rendered":"<p>DIGIWELL | CONDICIONES DE USO DE LA PLATAFORMA DE APRENDIZAJE ELECTR\u00d3NICO &nbsp; Introducci\u00f3n El uso de la plataforma de aprendizaje electr\u00f3nico DIGIWELL, incluido el rastreo&hellip;<\/p>\n","protected":false},"author":1,"featured_media":0,"parent":0,"menu_order":0,"comment_status":"closed","ping_status":"closed","template":"","meta":{"_acf_changed":false,"footnotes":""},"class_list":["post-19448","page","type-page","status-publish","hentry"],"acf":[],"yoast_head":"<!-- This site is optimized with the Yoast SEO plugin v24.0 - https:\/\/yoast.com\/wordpress\/plugins\/seo\/ -->\n<title>T\u00e9rminos de Uso - Digiwell<\/title>\n<meta name=\"robots\" content=\"index, follow, max-snippet:-1, max-image-preview:large, max-video-preview:-1\" \/>\n<link rel=\"canonical\" href=\"https:\/\/platformdigiwell.eu\/es\/terminos-de-uso\/\" \/>\n<meta property=\"og:locale\" content=\"es_ES\" \/>\n<meta property=\"og:type\" content=\"article\" \/>\n<meta property=\"og:title\" content=\"T\u00e9rminos de Uso - Digiwell\" \/>\n<meta property=\"og:description\" content=\"DIGIWELL | CONDICIONES DE USO DE LA PLATAFORMA DE APRENDIZAJE ELECTR\u00d3NICO &nbsp; Introducci\u00f3n El uso de la plataforma de aprendizaje electr\u00f3nico DIGIWELL, incluido el rastreo&hellip;\" \/>\n<meta property=\"og:url\" content=\"https:\/\/platformdigiwell.eu\/es\/terminos-de-uso\/\" \/>\n<meta property=\"og:site_name\" content=\"Digiwell\" \/>\n<meta name=\"twitter:card\" content=\"summary_large_image\" \/>\n<meta name=\"twitter:label1\" content=\"Tiempo de lectura\" \/>\n\t<meta name=\"twitter:data1\" content=\"6 minutos\" \/>\n<script type=\"application\/ld+json\" class=\"yoast-schema-graph\">{\"@context\":\"https:\/\/schema.org\",\"@graph\":[{\"@type\":\"WebPage\",\"@id\":\"https:\/\/platformdigiwell.eu\/es\/terminos-de-uso\/\",\"url\":\"https:\/\/platformdigiwell.eu\/es\/terminos-de-uso\/\",\"name\":\"T\u00e9rminos de Uso - Digiwell\",\"isPartOf\":{\"@id\":\"https:\/\/platformdigiwell.eu\/#website\"},\"datePublished\":\"2024-11-19T10:54:08+00:00\",\"dateModified\":\"2024-11-19T10:54:08+00:00\",\"breadcrumb\":{\"@id\":\"https:\/\/platformdigiwell.eu\/es\/terminos-de-uso\/#breadcrumb\"},\"inLanguage\":\"es\",\"potentialAction\":[{\"@type\":\"ReadAction\",\"target\":[\"https:\/\/platformdigiwell.eu\/es\/terminos-de-uso\/\"]}]},{\"@type\":\"BreadcrumbList\",\"@id\":\"https:\/\/platformdigiwell.eu\/es\/terminos-de-uso\/#breadcrumb\",\"itemListElement\":[{\"@type\":\"ListItem\",\"position\":1,\"name\":\"Home\",\"item\":\"https:\/\/platformdigiwell.eu\/es\/\"},{\"@type\":\"ListItem\",\"position\":2,\"name\":\"T\u00e9rminos de Uso\"}]},{\"@type\":\"WebSite\",\"@id\":\"https:\/\/platformdigiwell.eu\/#website\",\"url\":\"https:\/\/platformdigiwell.eu\/\",\"name\":\"Digiwell\",\"description\":\"\",\"publisher\":{\"@id\":\"https:\/\/platformdigiwell.eu\/#organization\"},\"potentialAction\":[{\"@type\":\"SearchAction\",\"target\":{\"@type\":\"EntryPoint\",\"urlTemplate\":\"https:\/\/platformdigiwell.eu\/?s={search_term_string}\"},\"query-input\":{\"@type\":\"PropertyValueSpecification\",\"valueRequired\":true,\"valueName\":\"search_term_string\"}}],\"inLanguage\":\"es\"},{\"@type\":\"Organization\",\"@id\":\"https:\/\/platformdigiwell.eu\/#organization\",\"name\":\"Envision\",\"url\":\"https:\/\/platformdigiwell.eu\/\",\"logo\":{\"@type\":\"ImageObject\",\"inLanguage\":\"es\",\"@id\":\"https:\/\/platformdigiwell.eu\/#\/schema\/logo\/image\/\",\"url\":\"https:\/\/products.pixelenv.com\/cp\/envision\/wp-content\/uploads\/2021\/12\/LOGO-Envision-transparent.png\",\"contentUrl\":\"https:\/\/products.pixelenv.com\/cp\/envision\/wp-content\/uploads\/2021\/12\/LOGO-Envision-transparent.png\",\"width\":1600,\"height\":900,\"caption\":\"Envision\"},\"image\":{\"@id\":\"https:\/\/platformdigiwell.eu\/#\/schema\/logo\/image\/\"}}]}<\/script>\n<!-- \/ Yoast SEO plugin. -->","yoast_head_json":{"title":"T\u00e9rminos de Uso - Digiwell","robots":{"index":"index","follow":"follow","max-snippet":"max-snippet:-1","max-image-preview":"max-image-preview:large","max-video-preview":"max-video-preview:-1"},"canonical":"https:\/\/platformdigiwell.eu\/es\/terminos-de-uso\/","og_locale":"es_ES","og_type":"article","og_title":"T\u00e9rminos de Uso - Digiwell","og_description":"DIGIWELL | CONDICIONES DE USO DE LA PLATAFORMA DE APRENDIZAJE ELECTR\u00d3NICO &nbsp; Introducci\u00f3n El uso de la plataforma de aprendizaje electr\u00f3nico DIGIWELL, incluido el rastreo&hellip;","og_url":"https:\/\/platformdigiwell.eu\/es\/terminos-de-uso\/","og_site_name":"Digiwell","twitter_card":"summary_large_image","twitter_misc":{"Tiempo de lectura":"6 minutos"},"schema":{"@context":"https:\/\/schema.org","@graph":[{"@type":"WebPage","@id":"https:\/\/platformdigiwell.eu\/es\/terminos-de-uso\/","url":"https:\/\/platformdigiwell.eu\/es\/terminos-de-uso\/","name":"T\u00e9rminos de Uso - Digiwell","isPartOf":{"@id":"https:\/\/platformdigiwell.eu\/#website"},"datePublished":"2024-11-19T10:54:08+00:00","dateModified":"2024-11-19T10:54:08+00:00","breadcrumb":{"@id":"https:\/\/platformdigiwell.eu\/es\/terminos-de-uso\/#breadcrumb"},"inLanguage":"es","potentialAction":[{"@type":"ReadAction","target":["https:\/\/platformdigiwell.eu\/es\/terminos-de-uso\/"]}]},{"@type":"BreadcrumbList","@id":"https:\/\/platformdigiwell.eu\/es\/terminos-de-uso\/#breadcrumb","itemListElement":[{"@type":"ListItem","position":1,"name":"Home","item":"https:\/\/platformdigiwell.eu\/es\/"},{"@type":"ListItem","position":2,"name":"T\u00e9rminos de Uso"}]},{"@type":"WebSite","@id":"https:\/\/platformdigiwell.eu\/#website","url":"https:\/\/platformdigiwell.eu\/","name":"Digiwell","description":"","publisher":{"@id":"https:\/\/platformdigiwell.eu\/#organization"},"potentialAction":[{"@type":"SearchAction","target":{"@type":"EntryPoint","urlTemplate":"https:\/\/platformdigiwell.eu\/?s={search_term_string}"},"query-input":{"@type":"PropertyValueSpecification","valueRequired":true,"valueName":"search_term_string"}}],"inLanguage":"es"},{"@type":"Organization","@id":"https:\/\/platformdigiwell.eu\/#organization","name":"Envision","url":"https:\/\/platformdigiwell.eu\/","logo":{"@type":"ImageObject","inLanguage":"es","@id":"https:\/\/platformdigiwell.eu\/#\/schema\/logo\/image\/","url":"https:\/\/products.pixelenv.com\/cp\/envision\/wp-content\/uploads\/2021\/12\/LOGO-Envision-transparent.png","contentUrl":"https:\/\/products.pixelenv.com\/cp\/envision\/wp-content\/uploads\/2021\/12\/LOGO-Envision-transparent.png","width":1600,"height":900,"caption":"Envision"},"image":{"@id":"https:\/\/platformdigiwell.eu\/#\/schema\/logo\/image\/"}}]}},"_links":{"self":[{"href":"https:\/\/platformdigiwell.eu\/es\/wp-json\/wp\/v2\/pages\/19448","targetHints":{"allow":["GET"]}}],"collection":[{"href":"https:\/\/platformdigiwell.eu\/es\/wp-json\/wp\/v2\/pages"}],"about":[{"href":"https:\/\/platformdigiwell.eu\/es\/wp-json\/wp\/v2\/types\/page"}],"author":[{"embeddable":true,"href":"https:\/\/platformdigiwell.eu\/es\/wp-json\/wp\/v2\/users\/1"}],"replies":[{"embeddable":true,"href":"https:\/\/platformdigiwell.eu\/es\/wp-json\/wp\/v2\/comments?post=19448"}],"version-history":[{"count":1,"href":"https:\/\/platformdigiwell.eu\/es\/wp-json\/wp\/v2\/pages\/19448\/revisions"}],"predecessor-version":[{"id":19449,"href":"https:\/\/platformdigiwell.eu\/es\/wp-json\/wp\/v2\/pages\/19448\/revisions\/19449"}],"wp:attachment":[{"href":"https:\/\/platformdigiwell.eu\/es\/wp-json\/wp\/v2\/media?parent=19448"}],"curies":[{"name":"wp","href":"https:\/\/api.w.org\/{rel}","templated":true}]}}