{"id":19446,"date":"2024-11-19T12:53:31","date_gmt":"2024-11-19T10:53:31","guid":{"rendered":"https:\/\/platformdigiwell.eu\/?page_id=19446"},"modified":"2024-11-19T12:53:31","modified_gmt":"2024-11-19T10:53:31","slug":"podmienky-pouzivania","status":"publish","type":"page","link":"https:\/\/platformdigiwell.eu\/sk\/podmienky-pouzivania\/","title":{"rendered":"Podmienky Pou\u017e\u00edvania"},"content":{"rendered":"<p>DIGIWELL | PODMIENKY POU\u017d\u00cdVANIA E-LEARNINGOVEJ PLATFORMY<\/p>\n<p>&nbsp;<\/p>\n<p>Zavedenie<\/p>\n<p>Pou\u017e\u00edvanie e-learningovej platformy DIGIWELL vr\u00e1tane preh\u013ead\u00e1vania webu, jej slu\u017eieb ukladania do vyrovn\u00e1vacej pam\u00e4te a ak\u00fdchko\u013evek \u010fal\u0161\u00edch slu\u017eieb poskytovan\u00fdch platformou si vy\u017eaduje bezpodmiene\u010dn\u00fd s\u00fahlas s podmienkami pou\u017e\u00edvania op\u00edsan\u00fdmi v tomto dokumente a predstavuje ich praktick\u00e9 prijatie. Pr\u00edstupom na platformu alebo jej pou\u017e\u00edvan\u00edm s\u00fahlas\u00edte s t\u00fdm, \u017ee budete viazan\u00ed t\u00fdmito podmienkami, ako aj podmienkami z\u00e1sad ochrany osobn\u00fdch \u00fadajov a bezpe\u010dnosti. Pou\u017e\u00edvate\u013eov pros\u00edme, aby v pravideln\u00fdch intervaloch kontrolovali tieto podmienky, \u010di nedo\u0161lo k zmen\u00e1m, preto\u017ee \u010fal\u0161ie pou\u017e\u00edvanie platformy znamen\u00e1, \u017ee akceptuj\u00fa ak\u00e9ko\u013evek jej mo\u017en\u00e9 \u00fapravy.<\/p>\n<p>Pou\u017e\u00edvanie platformy elektronick\u00e9ho vzdel\u00e1vania DIGIWELL<\/p>\n<p>Tieto podmienky pou\u017e\u00edvania sa vz\u0165ahuj\u00fa na pou\u017e\u00edvate\u013eov e-learningovej platformy DIGIWELL. Pozorne si ich pre\u010d\u00edtajte, preto\u017ee pou\u017e\u00edvan\u00edm tejto webovej str\u00e1nky s\u00fahlas\u00edte s t\u00fdm, \u017ee budete pr\u00e1vne viazan\u00ed a dodr\u017eiavate jej podmienky. Ak s t\u00fdmito podmienkami pou\u017e\u00edvania nes\u00fahlas\u00edte, nie ste opr\u00e1vnen\u00ed pou\u017e\u00edva\u0165 e-learningov\u00fa platformu DIGIWELL.<\/p>\n<p>Tieto podmienky pou\u017e\u00edvania sa vz\u0165ahuj\u00fa len na e-learningov\u00fa platformu DIGIWELL, a nie na webov\u00e9 str\u00e1nky in\u00fdch in\u0161tit\u00faci\u00ed, spolo\u010dnost\u00ed alebo univerz\u00edt, ktor\u00e9 s\u00fa \u010dlenmi konzorcia DIGIWELL.<\/p>\n<p>Ako u\u017e bolo spomenut\u00e9 vy\u0161\u0161ie, tieto podmienky pou\u017e\u00edvania m\u00f4\u017eu by\u0165 z \u010dasu na \u010das revidovan\u00e9, preto skontrolujte t\u00fato webov\u00fa str\u00e1nku pri ka\u017edej n\u00e1v\u0161teve e-learningovej platformy DIGIWELL. Ak budete pokra\u010dova\u0165 v pou\u017e\u00edvan\u00ed e-learningovej platformy DIGIWELL po zverejnen\u00ed zmeny, znamen\u00e1 to, \u017ee ste s\u00fahlasili s nov\u00fdmi podmienkami.<\/p>\n<p>Konzorcium projektu DIGIWELL (\u010falej len &#8220;partneri&#8221;) poskytuje pr\u00edstup k tejto e-learningovej platforme a jej pou\u017e\u00edvanie za nasleduj\u00facich podmienok:<\/p>\n<ul>\n<li>S\u00fahlas\u00edte s t\u00fdm, \u017ee t\u00fato webov\u00fa str\u00e1nku budete pou\u017e\u00edva\u0165 iba na leg\u00e1lne \u00fa\u010dely a sp\u00f4sobom, ktor\u00fd neporu\u0161uje, neobmedzuje ani nezakazuje jej pou\u017e\u00edvanie a u\u017e\u00edvanie in\u00fdm osob\u00e1m. Ob\u0165a\u017eovanie alebo sp\u00f4sobovanie \u00fazkosti alebo nepohodlia ostatn\u00fdm, prenos obsc\u00e9nneho alebo ur\u00e1\u017eliv\u00e9ho obsahu alebo nar\u00fa\u0161anie pravideln\u00e9ho toku komunik\u00e1cie na tejto webovej str\u00e1nke s\u00fa zak\u00e1zan\u00e9 spr\u00e1vanie.<\/li>\n<li>Nesmiete sk\u00fama\u0165, skenova\u0165 alebo testova\u0165 zranite\u013enos\u0165, ani poru\u0161ova\u0165 bezpe\u010dnostn\u00e9 alebo autentifika\u010dn\u00e9 opatrenia na webovej str\u00e1nke alebo v akejko\u013evek sieti, ktor\u00e1 je k nej pripojen\u00e1.<\/li>\n<li>Je pr\u00edsne zak\u00e1zan\u00e9 zasahova\u0165 do spr\u00e1vneho fungovania webovej str\u00e1nky alebo do pou\u017e\u00edvania webovej str\u00e1nky akouko\u013evek inou osobou pomocou ak\u00e9hoko\u013evek automatick\u00e9ho alebo manu\u00e1lneho zariadenia, programu, algoritmu alebo metodiky.<\/li>\n<\/ul>\n<p>Upozor\u0148ujeme, \u017ee tieto podmienky pou\u017e\u00edvania zah\u0155\u0148aj\u00fa aj:<\/p>\n<ul>\n<li>&#8220;Z\u00e1sady ochrany osobn\u00fdch \u00fadajov a bezpe\u010dnosti e-learningovej platformy DIGIWELL&#8221;, ktor\u00e9 sa vz\u0165ahuj\u00fa aj na pou\u017e\u00edvanie e-learningovej platformy.<\/li>\n<\/ul>\n<p>Du\u0161evn\u00e9 vlastn\u00edctvo<\/p>\n<p>Konzorcium DIGIWELL je dr\u017eite\u013eom v\u0161etk\u00fdch autorsk\u00fdch pr\u00e1v, ochrann\u00fdch zn\u00e1mok, pr\u00e1v k dizajnu, patentov a in\u00fdch pr\u00e1v du\u0161evn\u00e9ho vlastn\u00edctva (registrovan\u00fdch aj neregistrovan\u00fdch), ako aj v\u0161etk\u00e9ho obsahu na tejto e-learningovej platforme. Pou\u017e\u00edvatelia musia re\u0161pektova\u0165 v\u0161etky upozornenia na autorsk\u00e9 pr\u00e1va a obmedzenia obsiahnut\u00e9 na platforme elektronick\u00e9ho vzdel\u00e1vania DIGIWELL.<\/p>\n<p>Pokia\u013e nie je v\u00fdslovne uveden\u00e9 inak, je pr\u00edsne zak\u00e1zan\u00e9 kop\u00edrova\u0165, reprodukova\u0165, op\u00e4tovne publikova\u0165, rozobera\u0165, dekompilova\u0165, s\u0165ahova\u0165, uverej\u0148ova\u0165, vysiela\u0165, pren\u00e1\u0161a\u0165 alebo spr\u00edstup\u0148ova\u0165 verejnosti ak\u00fdko\u013evek \u0161koliaci materi\u00e1l spolo\u010dnosti DIGIWELL (\u010das\u0165, s\u00fabor, obsah alebo inform\u00e1cie).<\/p>\n<p>M\u00f4\u017eete si stiahnu\u0165 iba jednu strojovo \u010ditate\u013en\u00fa k\u00f3piu z\u00e1merne poskytnut\u00fdch webov\u00fdch materi\u00e1lov za nasleduj\u00facich podmienok:<\/p>\n<ul>\n<li>Len na osobn\u00e9, nekomer\u010dn\u00e9 pou\u017eitie<\/li>\n<\/ul>\n<ul>\n<li>Iba ak nevykon\u00e1te \u017eiadne zmeny v texte alebo neodstr\u00e1nite \u017eiadnu ochrann\u00fa zn\u00e1mku, autorsk\u00e9 pr\u00e1va alebo ak\u00e9ko\u013evek in\u00e9 upozornenie zobrazen\u00e9 na materi\u00e1loch webovej str\u00e1nky.<\/li>\n<\/ul>\n<p>Presnos\u0165 obsahu a inform\u00e1ci\u00ed<\/p>\n<p>Obsah \u0161koliacich materi\u00e1lov DIGIWELL bol starostlivo skontrolovan\u00fd pod\u013ea najlep\u0161ieho vedomia. V\u0161etky z\u00e1ruky, podmienky uspokojivej kvality a vhodnosti na dan\u00fd \u00fa\u010del s\u00fa v\u0161ak v plnom rozsahu vyl\u00fa\u010den\u00e9 z\u00e1konom.<\/p>\n<p>Partneri spolo\u010dnosti DIGIWELL nenes\u00fa zodpovednos\u0165 najm\u00e4 za \u017eiadne priame, nepriame, n\u00e1sledn\u00e9 alebo in\u00e9 \u0161kody, ktor\u00e9 utrp\u00ed st\u00e1\u017eista alebo ak\u00e1ko\u013evek tretia strana v d\u00f4sledku pou\u017e\u00edvania obsahu e-learningovej platformy DIGIWELL a\/alebo \u0161koliacich programov.<\/p>\n<p>\u0160koliaci materi\u00e1l DIGIWELL m\u00f4\u017ee by\u0165 kedyko\u013evek aktualizovan\u00fd pod\u013ea po\u017eiadaviek partnerov spolo\u010dnosti DIGIWELL v r\u00e1mci \u0161koliaceho programu DIGIWELL, aby odr\u00e1\u017eal aktualiz\u00e1ciu vedomost\u00ed, zlep\u0161ovanie vzdel\u00e1vania alebo opravoval ak\u00e9ko\u013evek chyby, ktor\u00e9 mohli by\u0165 zisten\u00e9.<\/p>\n<p>Tieto podmienky pou\u017e\u00edvania sa vz\u0165ahuj\u00fa len na e-learningov\u00fa platformu DIGIWELL, a nie na in\u00e9 webov\u00e9 str\u00e1nky. Ke\u010f odkazujeme na in\u00e9 webov\u00e9 str\u00e1nky, pok\u00fasime sa \u010do najjasnej\u0161ie uvies\u0165, \u017ee op\u00fa\u0161\u0165ate t\u00fato webov\u00fa str\u00e1nku. V pr\u00edpade, \u017ee s\u00fa pou\u017e\u00edvatelia platformy DIGIWELL presmerovan\u00ed na webov\u00e9 str\u00e1nky tret\u00edch str\u00e1n prostredn\u00edctvom \u0161peci\u00e1lnych odkazov (odkazy, hypertextov\u00e9 odkazy, bannery at\u010f.), nezodpoved\u00e1me za podmienky spr\u00e1vy a ochrany osobn\u00fdch \u00fadajov, ktor\u00fdmi sa tieto webov\u00e9 str\u00e1nky riadia, a odpor\u00fa\u010dame v\u00e1m, aby ste si pre\u010d\u00edtali z\u00e1sady ochrany osobn\u00fdch \u00fadajov ka\u017edej nav\u0161t\u00edvenej str\u00e1nky.<\/p>\n<p>Zodpovednos\u0165<\/p>\n<p>&nbsp;<\/p>\n<p>Dodr\u017eiavanie predpisov a zabezpe\u010denie slu\u017eieb<\/p>\n<p>Aj ke\u010f vynaklad\u00e1me maxim\u00e1lne \u00fasilie, aby sme navrhli, naprogramovali a poskytli \u010do najlep\u0161iu webov\u00fa str\u00e1nku, nem\u00f4\u017eeme zaru\u010di\u0165, \u017ee t\u00e1to webov\u00e1 str\u00e1nka alebo ak\u00fdko\u013evek obsah, slu\u017eba alebo funkcia tejto webovej str\u00e1nky bude bezchybn\u00e1, nepreru\u0161ovan\u00e1 alebo v s\u00falade so v\u0161etk\u00fdm hardv\u00e9rom a softv\u00e9rom, alebo \u017ee va\u0161e pou\u017e\u00edvanie webovej str\u00e1nky povedie k po\u017eadovan\u00fdm v\u00fdsledkom. T\u00e1to webov\u00e1 str\u00e1nka a jej obsah s\u00fa poskytovan\u00e9 &#8220;tak, ako s\u00fa&#8221; a &#8220;ako s\u00fa dostupn\u00e9&#8221;.<\/p>\n<p>Pre e-learningov\u00fa platformu DIGIWELL s\u00fa potrebn\u00e9 minim\u00e1lne IT zru\u010dnosti a vybavenie:<\/p>\n<ul>\n<li>\u0160irokop\u00e1smov\u00fd pr\u00edstup na internet<\/li>\n<li>Modern\u00fd webov\u00fd prehliada\u010d, ktor\u00fd sp\u013a\u0148a s\u00fa\u010dasn\u00e9 webov\u00e9 \u0161tandardy a aktivuje funkcie ako s\u00fabory cookie rel\u00e1cie (autentifik\u00e1cia platformy), JavaScript (funkcie n\u00e1stroja platformy, interaktivita, vizu\u00e1lne efekty at\u010f.), plugin Adobe Reader\u00ae (zobrazenie dokumentu pdf) at\u010f.<\/li>\n<li>Kancel\u00e1rsky softv\u00e9rov\u00fd bal\u00edk spr\u00e1vne nain\u0161talovan\u00fd a nakonfigurovan\u00fd vo va\u0161om po\u010d\u00edta\u010di na spracovanie \u0161tandardn\u00fdch textov\u00fdch, tabu\u013ekov\u00fdch alebo prezenta\u010dn\u00fdch s\u00faborov.<\/li>\n<\/ul>\n<p>D\u00d4LE\u017dIT\u00c9: Nedodr\u017eanie ktor\u00e9hoko\u013evek z vy\u0161\u0161ie uveden\u00fdch krit\u00e9ri\u00ed m\u00f4\u017ee vies\u0165 k probl\u00e9mom s pou\u017e\u00edvate\u013eskou sk\u00fasenos\u0165ou, za ktor\u00fd by spolo\u010dnos\u0165 DIGIWELL nebola zodpovedn\u00e1.<\/p>\n<p>Nakoniec, aj ke\u010f ve\u013emi tvrdo pracujeme na v\u00fdvoji \u010do najbezpe\u010dnej\u0161ej webovej str\u00e1nky, nem\u00f4\u017eeme zaru\u010di\u0165, \u017ee ak\u00e9ko\u013evek s\u00fabory alebo \u00fadaje, ktor\u00e9 si stiahnete zo str\u00e1nky, nebud\u00fa obsahova\u0165 v\u00edrusy alebo de\u0161trukt\u00edvne funkcie. Ste zodpovedn\u00ed za prijatie vhodn\u00fdch krokov, aby ste zabezpe\u010dili, \u017ee pri pou\u017e\u00edvan\u00ed tejto webovej str\u00e1nky na akomko\u013evek zariaden\u00ed pravidelne kontrolujete v\u00edrusy.<\/p>\n<p>Webov\u00e9 \u00fa\u010dty<\/p>\n<p>Ste plne zodpovedn\u00ed za zachovanie d\u00f4vernosti inform\u00e1ci\u00ed o va\u0161om \u00fa\u010dte (vr\u00e1tane pou\u017e\u00edvate\u013esk\u00e9ho mena a hesla).<\/p>\n<p>Mali by ste najm\u00e4:<\/p>\n<ul>\n<li>V hesle pou\u017eite minim\u00e1lne 6 znakov, pri\u010dom zmie\u0161ajte mal\u00e9 a ve\u013ek\u00e9 p\u00edsmen\u00e1 a \u010d\u00edslice<\/li>\n<li>Pri odchode z po\u010d\u00edta\u010da sa v\u017edy odpojte od webovej platformy<\/li>\n<li>Nikdy nezdie\u013eajte svoje prihlasovacie \u00fadaje bez \u0161ifrovania<\/li>\n<\/ul>\n<p>Pomocou e-learningovej platformy DIGIWELL:<\/p>\n<ul>\n<li>Beriete na vedomie a s\u00fahlas\u00edte s t\u00fdm, \u017ee okam\u017eite upozorn\u00edte na ak\u00e9ko\u013evek neopr\u00e1vnen\u00e9 pou\u017eitie v\u00e1\u0161ho \u00fa\u010dtu<\/li>\n<li>S\u00fahlas\u00edte s t\u00fdm, \u017ee nebudete pou\u017e\u00edva\u0165 \u00fa\u010det elektronickej vzdel\u00e1vacej platformy DIGIWELL nikoho in\u00e9ho bez v\u00fdslovn\u00e9ho s\u00fahlasu a s\u00fahlasu majite\u013ea tohto \u00fa\u010dtu<\/li>\n<li>Beriete na vedomie, \u017ee konzorcium DIGIWELL nem\u00f4\u017ee a nebude zodpovedn\u00e9 za \u017eiadne straty alebo \u0161kody vypl\u00fdvaj\u00face z v\u00e1\u0161ho nedodr\u017eania t\u00fdchto povinnost\u00ed.<\/li>\n<\/ul>\n<p>V\u0161eobecn\u00e9 podmienky zodpovednosti<\/p>\n<p>V maxim\u00e1lnom rozsahu povolenom z\u00e1konom vylu\u010dujeme ak\u00fako\u013evek zodpovednos\u0165 za ak\u00fako\u013evek stratu alebo \u0161kody (priame, nepriame alebo n\u00e1sledn\u00e9) s\u00favisiace s t\u00fdmito podmienkami alebo s va\u0161\u00edm (alebo akouko\u013evek tre\u0165ou stranou) pou\u017e\u00edvan\u00edm alebo nemo\u017enos\u0165ou pou\u017e\u00edva\u0165 e-learningov\u00fa platformu alebo s va\u0161\u00edm umiestnen\u00edm obsahu na e-learningov\u00fa platformu alebo za va\u0161e spoliehanie sa na inform\u00e1cie z\u00edskan\u00e9 z e-learningovej platformy alebo prostredn\u00edctvom nej.<\/p>\n<p>S\u00fahlas\u00edte s t\u00fdm, \u017ee n\u00e1s, na\u0161ich riadite\u013eov, zamestnancov a z\u00e1stupcov budete br\u00e1ni\u0165, od\u0161kod\u0148ova\u0165 a chr\u00e1ni\u0165 pred ak\u00fdmiko\u013evek n\u00e1rokmi, z\u00e1v\u00e4zkami, \u0161kodami, stratami alebo v\u00fddavkami, vr\u00e1tane primeran\u00fdch pr\u00e1vnych n\u00e1kladov, ktor\u00e9 vypl\u00fdvaj\u00fa z ak\u00e9hoko\u013evek poru\u0161enia t\u00fdchto podmienok pou\u017e\u00edvania alebo s n\u00edm ak\u00fdmko\u013evek sp\u00f4sobom s\u00favisia.<\/p>\n<p>&nbsp;<\/p>\n","protected":false},"excerpt":{"rendered":"<p>DIGIWELL | PODMIENKY POU\u017d\u00cdVANIA E-LEARNINGOVEJ PLATFORMY &nbsp; Zavedenie Pou\u017e\u00edvanie e-learningovej platformy DIGIWELL vr\u00e1tane preh\u013ead\u00e1vania webu, jej slu\u017eieb ukladania do vyrovn\u00e1vacej pam\u00e4te a ak\u00fdchko\u013evek \u010fal\u0161\u00edch slu\u017eieb&hellip;<\/p>\n","protected":false},"author":1,"featured_media":0,"parent":0,"menu_order":0,"comment_status":"closed","ping_status":"closed","template":"","meta":{"_acf_changed":false,"footnotes":""},"class_list":["post-19446","page","type-page","status-publish","hentry"],"acf":[],"yoast_head":"<!-- This site is optimized with the Yoast SEO plugin v24.0 - https:\/\/yoast.com\/wordpress\/plugins\/seo\/ -->\n<title>Podmienky Pou\u017e\u00edvania - Digiwell<\/title>\n<meta name=\"robots\" content=\"index, follow, max-snippet:-1, max-image-preview:large, max-video-preview:-1\" \/>\n<link rel=\"canonical\" href=\"https:\/\/platformdigiwell.eu\/sk\/podmienky-pouzivania\/\" \/>\n<meta property=\"og:locale\" content=\"sk_SK\" \/>\n<meta property=\"og:type\" content=\"article\" \/>\n<meta property=\"og:title\" content=\"Podmienky Pou\u017e\u00edvania - Digiwell\" \/>\n<meta property=\"og:description\" content=\"DIGIWELL | PODMIENKY POU\u017d\u00cdVANIA E-LEARNINGOVEJ PLATFORMY &nbsp; Zavedenie Pou\u017e\u00edvanie e-learningovej platformy DIGIWELL vr\u00e1tane preh\u013ead\u00e1vania webu, jej slu\u017eieb ukladania do vyrovn\u00e1vacej pam\u00e4te a ak\u00fdchko\u013evek \u010fal\u0161\u00edch slu\u017eieb&hellip;\" \/>\n<meta property=\"og:url\" content=\"https:\/\/platformdigiwell.eu\/sk\/podmienky-pouzivania\/\" \/>\n<meta property=\"og:site_name\" content=\"Digiwell\" \/>\n<meta name=\"twitter:card\" content=\"summary_large_image\" \/>\n<meta name=\"twitter:label1\" content=\"Predpokladan\u00fd \u010das \u010d\u00edtania\" \/>\n\t<meta name=\"twitter:data1\" content=\"5 min\u00fat\" \/>\n<script type=\"application\/ld+json\" class=\"yoast-schema-graph\">{\"@context\":\"https:\/\/schema.org\",\"@graph\":[{\"@type\":\"WebPage\",\"@id\":\"https:\/\/platformdigiwell.eu\/sk\/podmienky-pouzivania\/\",\"url\":\"https:\/\/platformdigiwell.eu\/sk\/podmienky-pouzivania\/\",\"name\":\"Podmienky Pou\u017e\u00edvania - Digiwell\",\"isPartOf\":{\"@id\":\"https:\/\/platformdigiwell.eu\/#website\"},\"datePublished\":\"2024-11-19T10:53:31+00:00\",\"dateModified\":\"2024-11-19T10:53:31+00:00\",\"breadcrumb\":{\"@id\":\"https:\/\/platformdigiwell.eu\/sk\/podmienky-pouzivania\/#breadcrumb\"},\"inLanguage\":\"sk-SK\",\"potentialAction\":[{\"@type\":\"ReadAction\",\"target\":[\"https:\/\/platformdigiwell.eu\/sk\/podmienky-pouzivania\/\"]}]},{\"@type\":\"BreadcrumbList\",\"@id\":\"https:\/\/platformdigiwell.eu\/sk\/podmienky-pouzivania\/#breadcrumb\",\"itemListElement\":[{\"@type\":\"ListItem\",\"position\":1,\"name\":\"Home\",\"item\":\"https:\/\/platformdigiwell.eu\/sk\/\"},{\"@type\":\"ListItem\",\"position\":2,\"name\":\"Podmienky Pou\u017e\u00edvania\"}]},{\"@type\":\"WebSite\",\"@id\":\"https:\/\/platformdigiwell.eu\/#website\",\"url\":\"https:\/\/platformdigiwell.eu\/\",\"name\":\"Digiwell\",\"description\":\"\",\"publisher\":{\"@id\":\"https:\/\/platformdigiwell.eu\/#organization\"},\"potentialAction\":[{\"@type\":\"SearchAction\",\"target\":{\"@type\":\"EntryPoint\",\"urlTemplate\":\"https:\/\/platformdigiwell.eu\/?s={search_term_string}\"},\"query-input\":{\"@type\":\"PropertyValueSpecification\",\"valueRequired\":true,\"valueName\":\"search_term_string\"}}],\"inLanguage\":\"sk-SK\"},{\"@type\":\"Organization\",\"@id\":\"https:\/\/platformdigiwell.eu\/#organization\",\"name\":\"Envision\",\"url\":\"https:\/\/platformdigiwell.eu\/\",\"logo\":{\"@type\":\"ImageObject\",\"inLanguage\":\"sk-SK\",\"@id\":\"https:\/\/platformdigiwell.eu\/#\/schema\/logo\/image\/\",\"url\":\"https:\/\/products.pixelenv.com\/cp\/envision\/wp-content\/uploads\/2021\/12\/LOGO-Envision-transparent.png\",\"contentUrl\":\"https:\/\/products.pixelenv.com\/cp\/envision\/wp-content\/uploads\/2021\/12\/LOGO-Envision-transparent.png\",\"width\":1600,\"height\":900,\"caption\":\"Envision\"},\"image\":{\"@id\":\"https:\/\/platformdigiwell.eu\/#\/schema\/logo\/image\/\"}}]}<\/script>\n<!-- \/ Yoast SEO plugin. -->","yoast_head_json":{"title":"Podmienky Pou\u017e\u00edvania - Digiwell","robots":{"index":"index","follow":"follow","max-snippet":"max-snippet:-1","max-image-preview":"max-image-preview:large","max-video-preview":"max-video-preview:-1"},"canonical":"https:\/\/platformdigiwell.eu\/sk\/podmienky-pouzivania\/","og_locale":"sk_SK","og_type":"article","og_title":"Podmienky Pou\u017e\u00edvania - Digiwell","og_description":"DIGIWELL | PODMIENKY POU\u017d\u00cdVANIA E-LEARNINGOVEJ PLATFORMY &nbsp; Zavedenie Pou\u017e\u00edvanie e-learningovej platformy DIGIWELL vr\u00e1tane preh\u013ead\u00e1vania webu, jej slu\u017eieb ukladania do vyrovn\u00e1vacej pam\u00e4te a ak\u00fdchko\u013evek \u010fal\u0161\u00edch slu\u017eieb&hellip;","og_url":"https:\/\/platformdigiwell.eu\/sk\/podmienky-pouzivania\/","og_site_name":"Digiwell","twitter_card":"summary_large_image","twitter_misc":{"Predpokladan\u00fd \u010das \u010d\u00edtania":"5 min\u00fat"},"schema":{"@context":"https:\/\/schema.org","@graph":[{"@type":"WebPage","@id":"https:\/\/platformdigiwell.eu\/sk\/podmienky-pouzivania\/","url":"https:\/\/platformdigiwell.eu\/sk\/podmienky-pouzivania\/","name":"Podmienky Pou\u017e\u00edvania - Digiwell","isPartOf":{"@id":"https:\/\/platformdigiwell.eu\/#website"},"datePublished":"2024-11-19T10:53:31+00:00","dateModified":"2024-11-19T10:53:31+00:00","breadcrumb":{"@id":"https:\/\/platformdigiwell.eu\/sk\/podmienky-pouzivania\/#breadcrumb"},"inLanguage":"sk-SK","potentialAction":[{"@type":"ReadAction","target":["https:\/\/platformdigiwell.eu\/sk\/podmienky-pouzivania\/"]}]},{"@type":"BreadcrumbList","@id":"https:\/\/platformdigiwell.eu\/sk\/podmienky-pouzivania\/#breadcrumb","itemListElement":[{"@type":"ListItem","position":1,"name":"Home","item":"https:\/\/platformdigiwell.eu\/sk\/"},{"@type":"ListItem","position":2,"name":"Podmienky Pou\u017e\u00edvania"}]},{"@type":"WebSite","@id":"https:\/\/platformdigiwell.eu\/#website","url":"https:\/\/platformdigiwell.eu\/","name":"Digiwell","description":"","publisher":{"@id":"https:\/\/platformdigiwell.eu\/#organization"},"potentialAction":[{"@type":"SearchAction","target":{"@type":"EntryPoint","urlTemplate":"https:\/\/platformdigiwell.eu\/?s={search_term_string}"},"query-input":{"@type":"PropertyValueSpecification","valueRequired":true,"valueName":"search_term_string"}}],"inLanguage":"sk-SK"},{"@type":"Organization","@id":"https:\/\/platformdigiwell.eu\/#organization","name":"Envision","url":"https:\/\/platformdigiwell.eu\/","logo":{"@type":"ImageObject","inLanguage":"sk-SK","@id":"https:\/\/platformdigiwell.eu\/#\/schema\/logo\/image\/","url":"https:\/\/products.pixelenv.com\/cp\/envision\/wp-content\/uploads\/2021\/12\/LOGO-Envision-transparent.png","contentUrl":"https:\/\/products.pixelenv.com\/cp\/envision\/wp-content\/uploads\/2021\/12\/LOGO-Envision-transparent.png","width":1600,"height":900,"caption":"Envision"},"image":{"@id":"https:\/\/platformdigiwell.eu\/#\/schema\/logo\/image\/"}}]}},"_links":{"self":[{"href":"https:\/\/platformdigiwell.eu\/sk\/wp-json\/wp\/v2\/pages\/19446","targetHints":{"allow":["GET"]}}],"collection":[{"href":"https:\/\/platformdigiwell.eu\/sk\/wp-json\/wp\/v2\/pages"}],"about":[{"href":"https:\/\/platformdigiwell.eu\/sk\/wp-json\/wp\/v2\/types\/page"}],"author":[{"embeddable":true,"href":"https:\/\/platformdigiwell.eu\/sk\/wp-json\/wp\/v2\/users\/1"}],"replies":[{"embeddable":true,"href":"https:\/\/platformdigiwell.eu\/sk\/wp-json\/wp\/v2\/comments?post=19446"}],"version-history":[{"count":1,"href":"https:\/\/platformdigiwell.eu\/sk\/wp-json\/wp\/v2\/pages\/19446\/revisions"}],"predecessor-version":[{"id":19447,"href":"https:\/\/platformdigiwell.eu\/sk\/wp-json\/wp\/v2\/pages\/19446\/revisions\/19447"}],"wp:attachment":[{"href":"https:\/\/platformdigiwell.eu\/sk\/wp-json\/wp\/v2\/media?parent=19446"}],"curies":[{"name":"wp","href":"https:\/\/api.w.org\/{rel}","templated":true}]}}