{"id":19450,"date":"2024-11-19T12:54:34","date_gmt":"2024-11-19T10:54:34","guid":{"rendered":"https:\/\/platformdigiwell.eu\/?page_id=19450"},"modified":"2024-11-19T12:54:34","modified_gmt":"2024-11-19T10:54:34","slug":"kullanim-sartlari","status":"publish","type":"page","link":"https:\/\/platformdigiwell.eu\/tr\/kullanim-sartlari\/","title":{"rendered":"Kullan\u0131m \u015eartlar\u0131"},"content":{"rendered":"<p><strong>DIGIWELL | E-\u00d6\u011eRENME PLATFORMU KULLANIM KO\u015eULLARI<\/strong><\/p>\n<p><strong>Giri\u015f<\/strong> DIGIWELL e-\u00f6\u011frenme platformunun kullan\u0131m\u0131, web tarama, \u00f6nbellekleme hizmetleri ve platform taraf\u0131ndan sunulan di\u011fer t\u00fcm hizmetler, burada belirtilen kullan\u0131m ko\u015fullar\u0131n\u0131n ko\u015fulsuz kabul edilmesini gerektirir ve bunlar\u0131n pratikte kabul edildi\u011fini g\u00f6sterir. Platforma eri\u015ferek veya platformu kullanarak, bu ko\u015fullara ve Gizlilik ve G\u00fcvenlik Politikas\u0131 ko\u015fullar\u0131na ba\u011fl\u0131 olmay\u0131 kabul edersiniz. Kullan\u0131c\u0131lardan bu ko\u015fullar\u0131 belirli aral\u0131klarla incelemeleri rica edilir; platformun s\u00fcrekli kullan\u0131m\u0131, olas\u0131 de\u011fi\u015fikliklerin kabul edildi\u011fini ima eder.<\/p>\n<p><strong>DIGIWELL E-\u00d6\u011frenme Platformunun Kullan\u0131m\u0131<\/strong> Bu kullan\u0131m ko\u015fullar\u0131, DIGIWELL e-\u00f6\u011frenme platformu kullan\u0131c\u0131lar\u0131 i\u00e7in ge\u00e7erlidir. L\u00fctfen dikkatlice okuyun; \u00e7\u00fcnk\u00fc bu web sitesini kullanarak, hukuki olarak ba\u011fl\u0131 olmay\u0131 ve bu ko\u015fullara uymay\u0131 kabul etmi\u015f olursunuz. Bu kullan\u0131m ko\u015fullar\u0131 yaln\u0131zca DIGIWELL e-\u00f6\u011frenme platformu i\u00e7in ge\u00e7erlidir; DIGIWELL Konsorsiyumu \u00fcyesi di\u011fer kurumlar\u0131n, \u015firketlerin veya \u00fcniversitelerin web siteleri i\u00e7in ge\u00e7erli de\u011fildir.<\/p>\n<p>DIGIWELL Proje Konsorsiyumu (bundan sonra &#8216;Ortaklar&#8217; olarak an\u0131lacakt\u0131r), bu e-\u00f6\u011frenme platformuna eri\u015fimi ve kullan\u0131m\u0131 a\u015fa\u011f\u0131daki ko\u015fullarla sa\u011flar:<\/p>\n<ul>\n<li>Bu web sitesini yaln\u0131zca yasal ama\u00e7larla kullanmay\u0131 ve ba\u015fkalar\u0131n\u0131n kullan\u0131m\u0131n\u0131 s\u0131n\u0131rlamayan, engellemeyen veya yasaklamayan bir \u015fekilde kullanmay\u0131 kabul edersiniz. Ba\u015fkalar\u0131n\u0131 rahats\u0131z etmek veya onlara rahats\u0131zl\u0131k veya s\u0131k\u0131nt\u0131 vermek, m\u00fcstehcen veya sald\u0131rgan i\u00e7erik aktarmak, bu web sitesindeki ileti\u015fim ak\u0131\u015f\u0131n\u0131 bozmak yasakt\u0131r.<\/li>\n<li>Web sitesinde veya ona ba\u011fl\u0131 herhangi bir a\u011fda g\u00fcvenlik veya kimlik do\u011frulama \u00f6nlemlerini sorgulamak, taramak veya test etmek yasakt\u0131r.<\/li>\n<li>Web sitesinin d\u00fczg\u00fcn \u00e7al\u0131\u015fmas\u0131n\u0131 engellemek veya ba\u015fka bir ki\u015finin web sitesini kullan\u0131m\u0131n\u0131 etkilemek i\u00e7in herhangi bir otomatik veya manuel cihaz, program, algoritma veya metodoloji kullanmak kesinlikle yasakt\u0131r.<\/li>\n<\/ul>\n<p>L\u00fctfen mevcut Kullan\u0131m Ko\u015fullar\u0131n\u0131n \u015funlar\u0131 da i\u00e7erdi\u011fini unutmay\u0131n:<\/p>\n<ul>\n<li>DIGIWELL E-\u00d6\u011frenme Platformu Gizlilik ve G\u00fcvenlik Politikas\u0131, platformun kullan\u0131m\u0131nda ge\u00e7erlidir.<\/li>\n<\/ul>\n<p><strong>Fikri M\u00fclkiyet<\/strong> DIGIWELL Konsorsiyumu, bu e-\u00f6\u011frenme platformundaki t\u00fcm i\u00e7eriklerle ilgili t\u00fcm telif haklar\u0131na, marka haklar\u0131na, tasar\u0131m haklar\u0131na, patentlere ve di\u011fer fikri m\u00fclkiyet haklar\u0131na (kay\u0131tl\u0131 ve kay\u0131ts\u0131z) sahiptir. Kullan\u0131c\u0131lar\u0131n, DIGIWELL e-\u00f6\u011frenme platformundaki t\u00fcm telif hakk\u0131 bildirimlerine ve s\u0131n\u0131rlamalara sayg\u0131 g\u00f6stermesi gerekmektedir.<\/p>\n<p><strong>\u0130\u00e7erik ve Bilginin Do\u011frulu\u011fu<\/strong> DIGIWELL e\u011fitim materyali i\u00e7eri\u011fi, bilgi dahilinde dikkatlice kontrol edilmi\u015ftir. Ancak, Kanun&#8217;un izin verdi\u011fi \u00f6l\u00e7\u00fcde t\u00fcm garantiler, \u015fartlar ve tatmin edici kalite ve amaca uygunluk ko\u015fullar\u0131 hari\u00e7 tutulur.<\/p>\n<p><strong>Sorumluluk<\/strong><\/p>\n<p><strong>Hizmet Uyumlulu\u011fu ve G\u00fcvenlik<\/strong> Web sitesini en iyi \u015fekilde tasarlamak, programlamak ve sunmak i\u00e7in t\u00fcm \u00e7abalar g\u00f6sterilse de bu web sitesinin veya bu web sitesinin herhangi bir i\u00e7eri\u011finin, hizmetinin veya \u00f6zelli\u011finin hatas\u0131z, kesintisiz olaca\u011f\u0131n\u0131 veya t\u00fcm donan\u0131m ve yaz\u0131l\u0131mlarla uyumlu olaca\u011f\u0131n\u0131 garanti edemeyiz. Bu web sitesi ve i\u00e7erikleri, &#8220;oldu\u011fu gibi&#8221; ve &#8220;mevcut oldu\u011fu \u015fekilde&#8221; sunulmaktad\u0131r.<\/p>\n<p><strong>Web Hesaplar\u0131<\/strong> Hesap bilgilerinizi (kullan\u0131c\u0131 ad\u0131 ve \u015fifre dahil) gizli tutmaktan tamamen sorumlusunuz. \u00d6zellikle:<\/p>\n<ul>\n<li>Parolan\u0131zda k\u00fc\u00e7\u00fck ve b\u00fcy\u00fck harfler ile rakamlar\u0131 kar\u0131\u015ft\u0131rarak en az 6 karakter kullan\u0131n.<\/li>\n<li>Bilgisayar\u0131n\u0131zdan ayr\u0131l\u0131rken platformdan \u00e7\u0131k\u0131\u015f yap\u0131n.<\/li>\n<li>\u015eifrelerinizi \u015fifreleme olmadan payla\u015fmay\u0131n.<\/li>\n<\/ul>\n<p>DIGIWELL e-\u00f6\u011frenme platformunu kullanarak:<\/p>\n<ul>\n<li>Hesab\u0131n\u0131z\u0131n yetkisiz kullan\u0131m\u0131 durumunda hemen bildirimde bulunmay\u0131 kabul edersiniz.<\/li>\n<li>Ba\u015fkas\u0131n\u0131n DIGIWELL e-\u00f6\u011frenme platformu hesab\u0131n\u0131, hesap sahibinin a\u00e7\u0131k izni olmadan kullanmamay\u0131 kabul edersiniz.<\/li>\n<\/ul>\n<p>&nbsp;<\/p>\n","protected":false},"excerpt":{"rendered":"<p>DIGIWELL | E-\u00d6\u011eRENME PLATFORMU KULLANIM KO\u015eULLARI Giri\u015f DIGIWELL e-\u00f6\u011frenme platformunun kullan\u0131m\u0131, web tarama, \u00f6nbellekleme hizmetleri ve platform taraf\u0131ndan sunulan di\u011fer t\u00fcm hizmetler, burada belirtilen kullan\u0131m&hellip;<\/p>\n","protected":false},"author":1,"featured_media":0,"parent":0,"menu_order":0,"comment_status":"closed","ping_status":"closed","template":"","meta":{"_acf_changed":false,"footnotes":""},"class_list":["post-19450","page","type-page","status-publish","hentry"],"acf":[],"yoast_head":"<!-- This site is optimized with the Yoast SEO plugin v24.0 - https:\/\/yoast.com\/wordpress\/plugins\/seo\/ -->\n<title>Kullan\u0131m \u015eartlar\u0131 - Digiwell<\/title>\n<meta name=\"robots\" content=\"index, follow, max-snippet:-1, max-image-preview:large, max-video-preview:-1\" \/>\n<link rel=\"canonical\" href=\"https:\/\/platformdigiwell.eu\/tr\/kullanim-sartlari\/\" \/>\n<meta property=\"og:locale\" content=\"tr_TR\" \/>\n<meta property=\"og:type\" content=\"article\" \/>\n<meta property=\"og:title\" content=\"Kullan\u0131m \u015eartlar\u0131 - Digiwell\" \/>\n<meta property=\"og:description\" content=\"DIGIWELL | E-\u00d6\u011eRENME PLATFORMU KULLANIM KO\u015eULLARI Giri\u015f DIGIWELL e-\u00f6\u011frenme platformunun kullan\u0131m\u0131, web tarama, \u00f6nbellekleme hizmetleri ve platform taraf\u0131ndan sunulan di\u011fer t\u00fcm hizmetler, burada belirtilen kullan\u0131m&hellip;\" \/>\n<meta property=\"og:url\" content=\"https:\/\/platformdigiwell.eu\/tr\/kullanim-sartlari\/\" \/>\n<meta property=\"og:site_name\" content=\"Digiwell\" \/>\n<meta name=\"twitter:card\" content=\"summary_large_image\" \/>\n<meta name=\"twitter:label1\" content=\"Tahmini okuma s\u00fcresi\" \/>\n\t<meta name=\"twitter:data1\" content=\"2 dakika\" \/>\n<script type=\"application\/ld+json\" class=\"yoast-schema-graph\">{\"@context\":\"https:\/\/schema.org\",\"@graph\":[{\"@type\":\"WebPage\",\"@id\":\"https:\/\/platformdigiwell.eu\/tr\/kullanim-sartlari\/\",\"url\":\"https:\/\/platformdigiwell.eu\/tr\/kullanim-sartlari\/\",\"name\":\"Kullan\u0131m \u015eartlar\u0131 - Digiwell\",\"isPartOf\":{\"@id\":\"https:\/\/platformdigiwell.eu\/#website\"},\"datePublished\":\"2024-11-19T10:54:34+00:00\",\"dateModified\":\"2024-11-19T10:54:34+00:00\",\"breadcrumb\":{\"@id\":\"https:\/\/platformdigiwell.eu\/tr\/kullanim-sartlari\/#breadcrumb\"},\"inLanguage\":\"tr\",\"potentialAction\":[{\"@type\":\"ReadAction\",\"target\":[\"https:\/\/platformdigiwell.eu\/tr\/kullanim-sartlari\/\"]}]},{\"@type\":\"BreadcrumbList\",\"@id\":\"https:\/\/platformdigiwell.eu\/tr\/kullanim-sartlari\/#breadcrumb\",\"itemListElement\":[{\"@type\":\"ListItem\",\"position\":1,\"name\":\"Home\",\"item\":\"https:\/\/platformdigiwell.eu\/tr\/\"},{\"@type\":\"ListItem\",\"position\":2,\"name\":\"Kullan\u0131m \u015eartlar\u0131\"}]},{\"@type\":\"WebSite\",\"@id\":\"https:\/\/platformdigiwell.eu\/#website\",\"url\":\"https:\/\/platformdigiwell.eu\/\",\"name\":\"Digiwell\",\"description\":\"\",\"publisher\":{\"@id\":\"https:\/\/platformdigiwell.eu\/#organization\"},\"potentialAction\":[{\"@type\":\"SearchAction\",\"target\":{\"@type\":\"EntryPoint\",\"urlTemplate\":\"https:\/\/platformdigiwell.eu\/?s={search_term_string}\"},\"query-input\":{\"@type\":\"PropertyValueSpecification\",\"valueRequired\":true,\"valueName\":\"search_term_string\"}}],\"inLanguage\":\"tr\"},{\"@type\":\"Organization\",\"@id\":\"https:\/\/platformdigiwell.eu\/#organization\",\"name\":\"Envision\",\"url\":\"https:\/\/platformdigiwell.eu\/\",\"logo\":{\"@type\":\"ImageObject\",\"inLanguage\":\"tr\",\"@id\":\"https:\/\/platformdigiwell.eu\/#\/schema\/logo\/image\/\",\"url\":\"https:\/\/products.pixelenv.com\/cp\/envision\/wp-content\/uploads\/2021\/12\/LOGO-Envision-transparent.png\",\"contentUrl\":\"https:\/\/products.pixelenv.com\/cp\/envision\/wp-content\/uploads\/2021\/12\/LOGO-Envision-transparent.png\",\"width\":1600,\"height\":900,\"caption\":\"Envision\"},\"image\":{\"@id\":\"https:\/\/platformdigiwell.eu\/#\/schema\/logo\/image\/\"}}]}<\/script>\n<!-- \/ Yoast SEO plugin. -->","yoast_head_json":{"title":"Kullan\u0131m \u015eartlar\u0131 - Digiwell","robots":{"index":"index","follow":"follow","max-snippet":"max-snippet:-1","max-image-preview":"max-image-preview:large","max-video-preview":"max-video-preview:-1"},"canonical":"https:\/\/platformdigiwell.eu\/tr\/kullanim-sartlari\/","og_locale":"tr_TR","og_type":"article","og_title":"Kullan\u0131m \u015eartlar\u0131 - Digiwell","og_description":"DIGIWELL | E-\u00d6\u011eRENME PLATFORMU KULLANIM KO\u015eULLARI Giri\u015f DIGIWELL e-\u00f6\u011frenme platformunun kullan\u0131m\u0131, web tarama, \u00f6nbellekleme hizmetleri ve platform taraf\u0131ndan sunulan di\u011fer t\u00fcm hizmetler, burada belirtilen kullan\u0131m&hellip;","og_url":"https:\/\/platformdigiwell.eu\/tr\/kullanim-sartlari\/","og_site_name":"Digiwell","twitter_card":"summary_large_image","twitter_misc":{"Tahmini okuma s\u00fcresi":"2 dakika"},"schema":{"@context":"https:\/\/schema.org","@graph":[{"@type":"WebPage","@id":"https:\/\/platformdigiwell.eu\/tr\/kullanim-sartlari\/","url":"https:\/\/platformdigiwell.eu\/tr\/kullanim-sartlari\/","name":"Kullan\u0131m \u015eartlar\u0131 - Digiwell","isPartOf":{"@id":"https:\/\/platformdigiwell.eu\/#website"},"datePublished":"2024-11-19T10:54:34+00:00","dateModified":"2024-11-19T10:54:34+00:00","breadcrumb":{"@id":"https:\/\/platformdigiwell.eu\/tr\/kullanim-sartlari\/#breadcrumb"},"inLanguage":"tr","potentialAction":[{"@type":"ReadAction","target":["https:\/\/platformdigiwell.eu\/tr\/kullanim-sartlari\/"]}]},{"@type":"BreadcrumbList","@id":"https:\/\/platformdigiwell.eu\/tr\/kullanim-sartlari\/#breadcrumb","itemListElement":[{"@type":"ListItem","position":1,"name":"Home","item":"https:\/\/platformdigiwell.eu\/tr\/"},{"@type":"ListItem","position":2,"name":"Kullan\u0131m \u015eartlar\u0131"}]},{"@type":"WebSite","@id":"https:\/\/platformdigiwell.eu\/#website","url":"https:\/\/platformdigiwell.eu\/","name":"Digiwell","description":"","publisher":{"@id":"https:\/\/platformdigiwell.eu\/#organization"},"potentialAction":[{"@type":"SearchAction","target":{"@type":"EntryPoint","urlTemplate":"https:\/\/platformdigiwell.eu\/?s={search_term_string}"},"query-input":{"@type":"PropertyValueSpecification","valueRequired":true,"valueName":"search_term_string"}}],"inLanguage":"tr"},{"@type":"Organization","@id":"https:\/\/platformdigiwell.eu\/#organization","name":"Envision","url":"https:\/\/platformdigiwell.eu\/","logo":{"@type":"ImageObject","inLanguage":"tr","@id":"https:\/\/platformdigiwell.eu\/#\/schema\/logo\/image\/","url":"https:\/\/products.pixelenv.com\/cp\/envision\/wp-content\/uploads\/2021\/12\/LOGO-Envision-transparent.png","contentUrl":"https:\/\/products.pixelenv.com\/cp\/envision\/wp-content\/uploads\/2021\/12\/LOGO-Envision-transparent.png","width":1600,"height":900,"caption":"Envision"},"image":{"@id":"https:\/\/platformdigiwell.eu\/#\/schema\/logo\/image\/"}}]}},"_links":{"self":[{"href":"https:\/\/platformdigiwell.eu\/tr\/wp-json\/wp\/v2\/pages\/19450","targetHints":{"allow":["GET"]}}],"collection":[{"href":"https:\/\/platformdigiwell.eu\/tr\/wp-json\/wp\/v2\/pages"}],"about":[{"href":"https:\/\/platformdigiwell.eu\/tr\/wp-json\/wp\/v2\/types\/page"}],"author":[{"embeddable":true,"href":"https:\/\/platformdigiwell.eu\/tr\/wp-json\/wp\/v2\/users\/1"}],"replies":[{"embeddable":true,"href":"https:\/\/platformdigiwell.eu\/tr\/wp-json\/wp\/v2\/comments?post=19450"}],"version-history":[{"count":1,"href":"https:\/\/platformdigiwell.eu\/tr\/wp-json\/wp\/v2\/pages\/19450\/revisions"}],"predecessor-version":[{"id":19451,"href":"https:\/\/platformdigiwell.eu\/tr\/wp-json\/wp\/v2\/pages\/19450\/revisions\/19451"}],"wp:attachment":[{"href":"https:\/\/platformdigiwell.eu\/tr\/wp-json\/wp\/v2\/media?parent=19450"}],"curies":[{"name":"wp","href":"https:\/\/api.w.org\/{rel}","templated":true}]}}